{"id":1377,"date":"2015-08-06T13:41:59","date_gmt":"2015-08-06T11:41:59","guid":{"rendered":"https:\/\/urlaub-auf-madagaskar.alpha-beta.de\/?page_id=1377"},"modified":"2020-02-12T13:18:12","modified_gmt":"2020-02-12T12:18:12","slug":"ambalavao-isalo","status":"publish","type":"page","link":"https:\/\/www.urlaub-auf-madagaskar.com\/en\/ambalavao-isalo\/","title":{"rendered":"Ambalavao \/ Isalo"},"content":{"rendered":"<h1>From Ambalavao the journey continues to Isalo<\/h1>\n<div class=\"bg_white\">\n<div class=\"col-md-12 col-sm-12 bg_white border no_padding margin_bottom_content\">\n<div class=\"col-md-12 col-sm-12 no_padding\">\n<div class=\"home_bg text-center side_bar_padding\"><a href=\"\/wp-content\/uploads\/2015\/08\/4761721108_ed68f1646b.jpg\"><img fetchpriority=\"high\" decoding=\"async\" width=\"300\" height=\"200\" class=\"side_bar_img size-medium wp-image-1378 alignnone\" src=\"https:\/\/www.urlaub-auf-madagaskar.com\/wp-content\/uploads\/2015\/08\/4761721108_ed68f1646b-300x200.jpg\" alt=\"Isalo \" srcset=\"https:\/\/www.urlaub-auf-madagaskar.com\/wp-content\/uploads\/2015\/08\/4761721108_ed68f1646b-300x200.jpg 300w, https:\/\/www.urlaub-auf-madagaskar.com\/wp-content\/uploads\/2015\/08\/4761721108_ed68f1646b-20x13.jpg 20w, https:\/\/www.urlaub-auf-madagaskar.com\/wp-content\/uploads\/2015\/08\/4761721108_ed68f1646b.jpg 500w\" sizes=\"(max-width: 300px) 100vw, 300px\" \/><\/a><\/div>\n<\/div>\n<div class=\"col-md-12 col-sm-12 no_padding\">\n<div class=\"home_content_div\">\n<h3>Isalo National Park is waiting<\/h3>\n<p>The journey along the RN 7 through Madagascar holds for you numerous different landscapes and <strong>fascinating encounters with nature, wildlife and people of Madagascar<\/strong> ready. Once you have sufficiently explored the area around Ambalavao, the road takes you further south and brings you <strong>significant changes in the landscape<\/strong> with you. The next destinations on your trip through Madagascar are <strong>Ihosy, <a href=\"https:\/\/www.urlaub-auf-madagaskar.com\/en\/isalo-n-p-on-madagascar\/\" target=\"_self\" rel=\"noopener noreferrer\">Ranohira and the Isalo National Park<\/a><\/strong>.<\/p>\n<p>The route from Antananarivo to the southernmost tip of the island of Madagascar is the most famous in the entire country and most tourists will discover you along the RN 7. Nevertheless, this does not mean that you have to move in a tourist crowd. On the contrary, we present you on request <strong>numerous hidden attractions<\/strong>that are far away from the usual hotspots. How to get <strong>the fascinating mystery of Madagascar<\/strong> even closer and get an insight into this country, as only a few tourists otherwise get. If you are interested in this special atmosphere and unique experiences, feel free to contact us and let us offer you a <strong>Madagascar tour<\/strong> assemble according to your wishes.<\/p>\n<\/div>\n<\/div>\n<\/div>\n<\/div>\n<div class=\"bg_white\">\n<div class=\"col-md-12 col-sm-12 bg_white border no_padding margin_bottom_content\">\n<div class=\"col-md-12 col-sm-12 no_padding\">\n<div class=\"home_bg text-center side_bar_padding\"><a href=\"\/wp-content\/uploads\/2015\/08\/2565102892_c0d15df9cf.jpg\"><img decoding=\"async\" width=\"300\" height=\"180\" class=\"side_bar_img size-medium wp-image-1379 alignnone\" src=\"https:\/\/www.urlaub-auf-madagaskar.com\/wp-content\/uploads\/2015\/08\/2565102892_c0d15df9cf-300x180.jpg\" srcset=\"https:\/\/www.urlaub-auf-madagaskar.com\/wp-content\/uploads\/2015\/08\/2565102892_c0d15df9cf-300x180.jpg 300w, https:\/\/www.urlaub-auf-madagaskar.com\/wp-content\/uploads\/2015\/08\/2565102892_c0d15df9cf-20x12.jpg 20w, https:\/\/www.urlaub-auf-madagaskar.com\/wp-content\/uploads\/2015\/08\/2565102892_c0d15df9cf.jpg 500w\" sizes=\"(max-width: 300px) 100vw, 300px\" \/><\/a><\/div>\n<\/div>\n<div class=\"col-md-12 col-sm-12 no_padding\">\n<div class=\"home_content_div\">\n<h3>The travel section begins in Ambalavao<\/h3>\n<p>From Ambalavao, you continue south along the EN 7. You will quickly notice that the granite rocks on both sides are getting closer and closer to the roads. At the same time, the number of plants becomes smaller and smaller - <strong>dry grass, a few robust mango trees and a few small cassava fields <\/strong>form the only splashes of color in the surrounding area. Not only the landscape, but also the population is changing now. Until a few kilometers ago, typical highland houses were ubiquitous, but now classic mud huts are the favored type of dwelling. They reach <strong>the land of the bara<\/strong> and Ihosy is their capital in the middle of this landscape surrounded by magnificent rocks.<\/p>\n<p>The <strong>Savannah area around Ihosy<\/strong> is not very busy and there are not many policemen here either. Some bush thieves take advantage of this. For many decades, zebus have been driven north by their herders through this inhospitable region. Among young men of the Bara it was considered an important ritual for many generations to steal a cattle. This was the only way the men of the Bara could obtain a bride. Meanwhile, this ritual belongs to the past, but the only <strong>difficult to control wide plane<\/strong> still calls numerous cattle thieves to the scene. Ihosy itself is a rather <strong>small and sleepy nest<\/strong> and offers little variety for extended forays or longer stays.<\/p>\n<\/div>\n<\/div>\n<\/div>\n<\/div>\n<div class=\"bg_white\">\n<div class=\"col-md-12 col-sm-12 bg_white border no_padding margin_bottom_content\">\n<div class=\"col-md-12 col-sm-12 no_padding\">\n<div class=\"home_bg text-center side_bar_padding\"><a href=\"\/wp-content\/uploads\/2015\/08\/isalo.jpg\"><img decoding=\"async\" width=\"300\" height=\"225\" class=\"side_bar_img size-medium wp-image-1380 alignnone\" src=\"https:\/\/www.urlaub-auf-madagaskar.com\/wp-content\/uploads\/2015\/08\/isalo-300x225.jpg\" alt=\"isalo\" srcset=\"https:\/\/www.urlaub-auf-madagaskar.com\/wp-content\/uploads\/2015\/08\/isalo-300x225.jpg 300w, https:\/\/www.urlaub-auf-madagaskar.com\/wp-content\/uploads\/2015\/08\/isalo-20x15.jpg 20w, https:\/\/www.urlaub-auf-madagaskar.com\/wp-content\/uploads\/2015\/08\/isalo.jpg 599w\" sizes=\"(max-width: 300px) 100vw, 300px\" \/><\/a><\/div>\n<\/div>\n<div class=\"col-md-12 col-sm-12 no_padding\">\n<div class=\"home_content_div\">\n<h3>Ranohira and the Isalo National Park<\/h3>\n<p>Since the stay in Ihosy will probably be rather short, you will have all the more time on your trip through Madagascar for the famous<a href=\"https:\/\/www.urlaub-auf-madagaskar.com\/en\/isalo-n-p-on-madagascar\/\" target=\"_self\" rel=\"noopener noreferrer\"> <strong>Isalo National Park<\/strong><\/a>. The best way to reach it is via the small village of Ranohira, which lies somewhat deserted in the middle of the grassy savannah. Only a few kilometers away, you can already <strong>the rugged table mountains of Isalo National Park<\/strong> admire. In Ranohira itself you will probably only want to stop for a bite to eat, because the place has more the charm of a transit town and has only a few attractions to reveal. Nevertheless, you will meet the people here <strong>very friendly and open minded<\/strong>, because of the <strong>Proximity to Isalo National Park<\/strong> you are quite used to tourists. The landscape of the Isalo National Park will probably seem dry and bare to you at first. Bare rocks, bizarre mountain formations and all around the dry savannah, that's how the Isalo National Park presents itself from further away. But if you dare to take a step closer, you will realize very quickly, <strong>that this wonderful area keeps incredibly fascinating secrets<\/strong>which can only be discovered on foot on an extended tour. Especially friends of <strong>Trekking tours<\/strong> came therefore in the Isalo national park fully at your expense, now we recommend rather the <a href=\"https:\/\/www.urlaub-auf-madagaskar.com\/en\/andringitra-n-p-and-tsaranoro-valley-in-madagascar\/\" target=\"_self\" rel=\"noopener noreferrer\"><strong>Andringitra Mountains<\/strong><\/a>. We also like to organize <strong>Tours of up to six days<\/strong> for you, but for security reasons no longer in the Isalo Mountains.<\/p>\n<\/div>\n<\/div>\n<\/div>\n<\/div>\n<div class=\"bg_white\">\n<div class=\"col-md-12 col-sm-12 bg_white border no_padding margin_bottom_content\">\n<div class=\"col-md-12 col-sm-12 no_padding\">\n<div class=\"home_bg text-center side_bar_padding\"><a href=\"\/wp-content\/uploads\/2015\/08\/Isalo-landscape.jpeg\"><img loading=\"lazy\" decoding=\"async\" width=\"715\" height=\"158\" class=\"side_bar_img size-medium wp-image-1381 alignnone\" src=\"https:\/\/www.urlaub-auf-madagaskar.com\/wp-content\/uploads\/2015\/08\/Isalo-landscape.jpeg\" alt=\"Isalo landscape\" srcset=\"https:\/\/www.urlaub-auf-madagaskar.com\/wp-content\/uploads\/2015\/08\/Isalo-landscape.jpeg 715w, https:\/\/www.urlaub-auf-madagaskar.com\/wp-content\/uploads\/2015\/08\/Isalo-landscape-300x66.jpeg 300w, https:\/\/www.urlaub-auf-madagaskar.com\/wp-content\/uploads\/2015\/08\/Isalo-landscape-20x4.jpeg 20w\" sizes=\"(max-width: 715px) 100vw, 715px\" \/><\/a><\/div>\n<\/div>\n<div class=\"col-md-12 col-sm-12 no_padding\">\n<div class=\"home_content_div\">\n<p>Isalo National Park includes the mountains and everything in them. If you think that on a tour through the park there are only rocks and boulders to look at, you are wrong. Behind the first rocks hide numerous<strong>oases, lagoons, small waterfalls, lush green landscapes, magnificent flowering plants and numerous animals.<\/strong>which are always happy about human visitors. Especially at one of the two official campsites the lemurs like to come together. But even apart from that, breathtaking sights will reveal themselves to you here: <strong>The starry sky at night<\/strong> directly above the mountains inspires dreams and never wants to be forgotten. If you want a <strong>Tour through Isalo National Park<\/strong> plan, then it is best to know your constitution exactly. Although hiking in the park is not necessarily demanding from a technical point of view, the weather conditions in particular can cause problems for untrained people. You are welcome to ask the exact <strong>Details of a tour already before your trip to Madagascar <\/strong>discuss with us. We will then take care of the organization and logistics directly if you wish. If we can help you in this or any other way with your vacation in Madagascar, we ask you not to hesitate and write to us directly<\/p>\n<\/div>\n<\/div>\n<\/div>\n<\/div>","protected":false},"excerpt":{"rendered":"<p>Von Ambalavao geht die Reise nach Isalo weiter Der Isalo Nationalpark wartet Die Fahrt entlang der RN 7 durch Madagaskar h\u00e4lt f\u00fcr Sie zahlreiche unterschiedliche Landschaften und faszinierende Begegnungen mit der Natur, der Tierwelt und den Menschen Madagaskars bereit. Wenn Sie die Gegend um Ambalavao ausreichend erkundet haben, f\u00fchrt die Stra\u00dfe Sie weiter gen S\u00fcden [&hellip;]<\/p>\n","protected":false},"author":3,"featured_media":1378,"parent":0,"menu_order":7,"comment_status":"open","ping_status":"closed","template":"","meta":{"footnotes":""},"categories":[499],"class_list":["post-1377","page","type-page","status-publish","has-post-thumbnail","hentry","category-rn7"],"_links":{"self":[{"href":"https:\/\/www.urlaub-auf-madagaskar.com\/en\/wp-json\/wp\/v2\/pages\/1377","targetHints":{"allow":["GET"]}}],"collection":[{"href":"https:\/\/www.urlaub-auf-madagaskar.com\/en\/wp-json\/wp\/v2\/pages"}],"about":[{"href":"https:\/\/www.urlaub-auf-madagaskar.com\/en\/wp-json\/wp\/v2\/types\/page"}],"author":[{"embeddable":true,"href":"https:\/\/www.urlaub-auf-madagaskar.com\/en\/wp-json\/wp\/v2\/users\/3"}],"replies":[{"embeddable":true,"href":"https:\/\/www.urlaub-auf-madagaskar.com\/en\/wp-json\/wp\/v2\/comments?post=1377"}],"version-history":[{"count":0,"href":"https:\/\/www.urlaub-auf-madagaskar.com\/en\/wp-json\/wp\/v2\/pages\/1377\/revisions"}],"wp:featuredmedia":[{"embeddable":true,"href":"https:\/\/www.urlaub-auf-madagaskar.com\/en\/wp-json\/wp\/v2\/media\/1378"}],"wp:attachment":[{"href":"https:\/\/www.urlaub-auf-madagaskar.com\/en\/wp-json\/wp\/v2\/media?parent=1377"}],"wp:term":[{"taxonomy":"category","embeddable":true,"href":"https:\/\/www.urlaub-auf-madagaskar.com\/en\/wp-json\/wp\/v2\/categories?post=1377"}],"curies":[{"name":"wp","href":"https:\/\/api.w.org\/{rel}","templated":true}]}}