{"id":1368,"date":"2015-08-06T13:36:02","date_gmt":"2015-08-06T11:36:02","guid":{"rendered":"https:\/\/urlaub-auf-madagaskar.alpha-beta.de\/?page_id=1368"},"modified":"2020-05-31T10:38:43","modified_gmt":"2020-05-31T08:38:43","slug":"manakara-ranomafana","status":"publish","type":"page","link":"https:\/\/www.urlaub-auf-madagaskar.com\/en\/manakara-ranomafana\/","title":{"rendered":"Manakara \/ Ranomafana"},"content":{"rendered":"<h1>From Manakara we go to Ranomafana:<\/h1>\n<div class=\"bg_white\">\n<div class=\"col-md-12 col-sm-12 bg_white border no_padding margin_bottom_content\">\n<div class=\"col-md-12 col-sm-12 no_padding\">\n<div class=\"home_bg text-center side_bar_padding\"><a href=\"https:\/\/www.urlaub-auf-madagaskar.com\/wp-content\/uploads\/2015\/08\/Vegetation-Pangalan-Kanal.jpg\" rel=\"attachment wp-att-2291\"><img fetchpriority=\"high\" decoding=\"async\" width=\"300\" height=\"200\" class=\"side_bar_img size-medium wp-image-2291 alignnone\" src=\"https:\/\/www.urlaub-auf-madagaskar.com\/wp-content\/uploads\/2015\/08\/Vegetation-Pangalan-Kanal-300x200.jpg\" alt=\"Vegetation Pangalan channel\" srcset=\"https:\/\/www.urlaub-auf-madagaskar.com\/wp-content\/uploads\/2015\/08\/Vegetation-Pangalan-Kanal-300x200.jpg 300w, https:\/\/www.urlaub-auf-madagaskar.com\/wp-content\/uploads\/2015\/08\/Vegetation-Pangalan-Kanal-20x13.jpg 20w, https:\/\/www.urlaub-auf-madagaskar.com\/wp-content\/uploads\/2015\/08\/Vegetation-Pangalan-Kanal.jpg 314w\" sizes=\"(max-width: 300px) 100vw, 300px\" \/><\/a><\/div>\n<\/div>\n<div class=\"col-md-12 col-sm-12 no_padding\">\n<div class=\"home_content_div\">\n<h3>From the coast to the jungle<\/h3>\n<p>Regardless of whether you traveled to Manakara by train or other means - the <strong>small coastal towns<\/strong> will immediately welcome you with all its charm. When a train arrives in the city, it feels like the whole city is immediately on the move and in an uproar and goes to the station to welcome the newcomers. When<\/p>\n<p>You the <strong>classic tour from the north of Madagascar to the south<\/strong> However, Manakara is by no means the last point on your route. Rather, Manakara is a stopover that will delight you with numerous adventures and experiences. We recommend for Manakara best <strong>At least one full day<\/strong>but better to plan several, because even though this coastal town is not exactly huge, it has <strong>all kinds of attractions<\/strong> in the immediate vicinity. Afterwards we recommend the continuation of the journey to Ranomafana, where you will already meet the <strong>famous mountain cloud forest<\/strong> with all its extraordinary and spectacular creatures awaits you. This section of your <strong>Journey through Madagascar<\/strong> should be particularly exciting for most people. For this very reason, it requires a <strong>comprehensive and structured planning<\/strong>which you can only carry out from Europe to a limited extent. We are therefore happy to help you and spoil you in the following not only with many inspirations for this section of the route, but also help you in the planning and implementation of your <strong>individual dream trip to Madagascar.<\/strong><\/p>\n<\/div>\n<\/div>\n<\/div>\n<\/div>\n<div class=\"bg_white\">\n<div class=\"col-md-12 col-sm-12 bg_white border no_padding margin_bottom_content\">\n<div class=\"col-md-12 col-sm-12 no_padding\">\n<div class=\"home_bg text-center side_bar_padding\"><a href=\"https:\/\/www.urlaub-auf-madagaskar.com\/wp-content\/uploads\/2015\/08\/Ambila-7.jpg\" rel=\"attachment wp-att-2251\"><img decoding=\"async\" width=\"300\" height=\"200\" class=\"side_bar_img size-medium wp-image-3738 alignnone\" src=\"https:\/\/www.urlaub-auf-madagaskar.com\/wp-content\/uploads\/2015\/08\/Ambila-7-300x200.jpg\" alt=\"Indian Ocean Fishermen\" \/><\/a><\/div>\n<\/div>\n<div class=\"col-md-12 col-sm-12 no_padding\">\n<div class=\"home_content_div\">\n<h3>Manakara offers many opportunities for exploration<\/h3>\n<p>Many tourists describe Manakara as a little sleepy and perhaps a bit disheveled. This may be due to the fact that this city appears at all in the travel plans of tourists and locals mainly because of the railroad station. Some would like to claim that Manakara itself has little or nothing to offer. However, this does not correspond to reality at all. Manakara is an important <strong>Center of the Antaimoro tribe<\/strong>which are especially famous for their special floral paper. In addition, Manakara is also known for <strong>numerous beautiful beaches<\/strong> famous, but rather less inviting for swimming. The unpredictable surf, partly quite <strong>riptides<\/strong> and also a few sharks roaming offshore could quickly turn such an experience into a negative highlight on your <strong>Journey through Madagascar<\/strong> become.<\/p>\n<\/div>\n<\/div>\n<\/div>\n<\/div>\n<div class=\"bg_white\">\n<div class=\"col-md-12 col-sm-12 bg_white border no_padding margin_bottom_content\">\n<div class=\"col-md-12 col-sm-12 no_padding\">\n<div class=\"home_bg text-center side_bar_padding\"><a href=\"https:\/\/www.urlaub-auf-madagaskar.com\/wp-content\/uploads\/2015\/07\/21_pangalane_800x600-84f77.jpg\" rel=\"attachment wp-att-1052\"><img decoding=\"async\" width=\"300\" height=\"225\" class=\"side_bar_img size-medium wp-image-1052 alignnone\" src=\"https:\/\/www.urlaub-auf-madagaskar.com\/wp-content\/uploads\/2015\/07\/21_pangalane_800x600-84f77-300x225.jpg\" alt=\"Pangalan landscape\" srcset=\"https:\/\/www.urlaub-auf-madagaskar.com\/wp-content\/uploads\/2015\/07\/21_pangalane_800x600-84f77-300x225.jpg 300w, https:\/\/www.urlaub-auf-madagaskar.com\/wp-content\/uploads\/2015\/07\/21_pangalane_800x600-84f77-768x576.jpg 768w, https:\/\/www.urlaub-auf-madagaskar.com\/wp-content\/uploads\/2015\/07\/21_pangalane_800x600-84f77-20x15.jpg 20w, https:\/\/www.urlaub-auf-madagaskar.com\/wp-content\/uploads\/2015\/07\/21_pangalane_800x600-84f77.jpg 800w\" sizes=\"(max-width: 300px) 100vw, 300px\" \/><\/a><\/div>\n<\/div>\n<div class=\"col-md-12 col-sm-12 no_padding\">\n<div class=\"home_content_div\">\n<p>If you love the water, you'd better instead face the mighty and <strong>imposing <a href=\"https:\/\/www.urlaub-auf-madagaskar.com\/en\/the-pangalan-channel-on-madagascar\/\" target=\"_self\" rel=\"noopener noreferrer\">Pangalan channel<\/a> <\/strong>to the waterway. This is a waterway that serves as one of the most important arteries of the country. Sports enthusiasts, vacationers, as well as many locals and even smugglers still travel the canal with particular pleasure. The canal itself spans a <strong>Route of more than 600 kilometers in length<\/strong>, which makes it the longest and at the same time unknown canal in the world. There are many ways to navigate the canal at least in stretches, because unfortunately this <strong>impressive waterway<\/strong> has suffered considerable damage in recent years. The maintenance is apparently too much for the inhabitants of Madagascar and the government alike, which is why numerous tributaries and parts of the main canal are no longer navigable.<\/p>\n<\/div>\n<\/div>\n<\/div>\n<\/div>\n<div class=\"bg_white\">\n<div class=\"col-md-12 col-sm-12 bg_white border no_padding margin_bottom_content\">\n<div class=\"col-md-12 col-sm-12 no_padding\">\n<div class=\"home_bg text-center side_bar_padding\"><a href=\"https:\/\/www.urlaub-auf-madagaskar.com\/wp-content\/uploads\/2015\/08\/Dorf-am-Kanal.jpg\" rel=\"attachment wp-att-2293\"><img loading=\"lazy\" decoding=\"async\" width=\"300\" height=\"206\" class=\"side_bar_img size-medium wp-image-2293 alignnone\" src=\"https:\/\/www.urlaub-auf-madagaskar.com\/wp-content\/uploads\/2015\/08\/Dorf-am-Kanal-300x206.jpg\" alt=\"Village by the canal\" srcset=\"https:\/\/www.urlaub-auf-madagaskar.com\/wp-content\/uploads\/2015\/08\/Dorf-am-Kanal-300x206.jpg 300w, https:\/\/www.urlaub-auf-madagaskar.com\/wp-content\/uploads\/2015\/08\/Dorf-am-Kanal-20x14.jpg 20w, https:\/\/www.urlaub-auf-madagaskar.com\/wp-content\/uploads\/2015\/08\/Dorf-am-Kanal.jpg 314w\" sizes=\"(max-width: 300px) 100vw, 300px\" \/><\/a><\/div>\n<\/div>\n<div class=\"col-md-12 col-sm-12 no_padding\">\n<div class=\"home_content_div\">\n<p>Nevertheless, we can offer a <strong>Tour on the canal<\/strong> still recommend. Most hotels and resorts offer various boat tours, but these are usually standard trips that offer little that is spectacular. We, on the other hand, have focused on <strong>authentic tours<\/strong> specialized, which also places <strong>outside the usual tourist routes<\/strong> head for. As mentioned above, it is sometimes difficult to find a suitable beach in Manakara, although the city is located directly on the Indian Ocean. Who wants to spend a few days in the <strong>Idyll of this charming environment<\/strong> and would like to let his soul dangle a little, we can <strong>Trou du Comissaire<\/strong> recommend. There at low tide creates a natural swimming pool, where without hesitation some <strong>relaxing bath hours<\/strong> can be spent. In addition, the nature-oriented bungalow and hotel facilities with their special comfort also invite you to spend the night here.<\/p>\n<\/div>\n<\/div>\n<\/div>\n<\/div>\n<div class=\"bg_white\">\n<div class=\"col-md-12 col-sm-12 bg_white border no_padding margin_bottom_content\">\n<div class=\"col-md-12 col-sm-12 no_padding\">\n<div class=\"home_bg text-center side_bar_padding\"><\/div>\n<\/div>\n<div class=\"col-md-12 col-sm-12 no_padding\">\n<div class=\"home_content_div\">\n<h3>It goes on to Ranomafana<\/h3>\n<p>After you have explored Manakara extensively, you will continue towards Ranomafana. You can decide whether you also want to manage the return journey by train or prefer the comfort of a four-wheel drive car. Either way, you will first pass through a <strong>particularly lush vegetation<\/strong>which gets closer and closer to the road in the course of the trip. This gives you a first impression of what awaits you in Ranomafana only a short time later. Ranomafana as a place itself is by the way not only because of <strong>of the nature reserve of the same name<\/strong> known, but also because of the pleasant <strong>warm thermal springs<\/strong>, which you are welcome to use for relaxation.<\/p>\n<\/div>\n<\/div>\n<\/div>\n<\/div>\n<div class=\"bg_white\">\n<div class=\"col-md-12 col-sm-12 bg_white border no_padding margin_bottom_content\">\n<div class=\"col-md-12 col-sm-12 no_padding\">\n<div class=\"home_bg text-center side_bar_padding\"><a href=\"https:\/\/www.urlaub-auf-madagaskar.com\/wp-content\/uploads\/2015\/07\/Giraffen_K\u00e4fer_Ranomafana_300_x_200.jpg\" rel=\"attachment wp-att-972\"><img loading=\"lazy\" decoding=\"async\" width=\"300\" height=\"200\" class=\"side_bar_img size-medium wp-image-972 alignnone\" src=\"https:\/\/www.urlaub-auf-madagaskar.com\/wp-content\/uploads\/2015\/07\/Giraffen_K\u00e4fer_Ranomafana_300_x_200-300x200.jpg\" alt=\"Giraffes beetle Ranomafana\" srcset=\"https:\/\/www.urlaub-auf-madagaskar.com\/wp-content\/uploads\/2015\/07\/Giraffen_K\u00e4fer_Ranomafana_300_x_200.jpg 300w, https:\/\/www.urlaub-auf-madagaskar.com\/wp-content\/uploads\/2015\/07\/Giraffen_K\u00e4fer_Ranomafana_300_x_200-20x13.jpg 20w\" sizes=\"(max-width: 300px) 100vw, 300px\" \/><\/a><\/div>\n<\/div>\n<div class=\"col-md-12 col-sm-12 no_padding\">\n<div class=\"home_content_div\">\n<h3>Ranomafana National Park will enchant you<\/h3>\n<p>Ranomafana is a single <strong>huge national park<\/strong>, which extends over more than 40,000 hectares. The park was founded back in the early 1990s and is located at an altitude of just over 1,300 meters. Ranomafana belongs to the <strong>last mountain cloud forests<\/strong> <strong>this earth<\/strong> and holds for all nature lovers numerous spectacular views, some of which will certainly be unforgettable. Anyone planning an extensive excursion to the national park should definitely have a camera with them and be prepared for a <strong>experienced guide<\/strong> set. They can tailor the specific tour through the mountain cloud forest exactly to your wishes as well as to your physical condition. The Ranomafana National Park is home to numerous animal and plant species, of which today, unfortunately, many genera are severely threatened with extinction. In total <strong>twelve different species of lemurs <\/strong>have already been discovered in the national park and theoretically it is possible that at any time a new species will be sighted for the first time. Far <strong>over 100 different bird species<\/strong> are at home in this mountain cloud forest, in addition to numerous insects, amphibians, reptiles and <strong>stunning trees or ferns and flowers<\/strong>plants. However, you should be somewhat wary of the leeches, which can generally be classified as harmless, but still bring a somewhat unpleasant experience.<\/p>\n<p>In Ranomafana National Park, it is not only the animals you encounter during the day that will amaze you. Also at night the forest is full of life. You can experience this for example on a <strong>guided night hike<\/strong> experience. The tours start from 6 pm and should <strong>without exception with a tour guide<\/strong> be carried out. Follow the instructions and during the trip try to <strong>not to photograph with the flash<\/strong>This frightens the animals and takes them out of their usual rhythm of life.<\/p>\n<\/div>\n<\/div>\n<\/div>\n<\/div>\n<div class=\"bg_white\">\n<div class=\"col-md-12 col-sm-12 bg_white border no_padding margin_bottom_content\">\n<div class=\"col-md-12 col-sm-12 no_padding\">\n<div class=\"home_bg text-center side_bar_padding\"><a href=\"https:\/\/www.urlaub-auf-madagaskar.com\/wp-content\/uploads\/2015\/07\/Ranomafana-National-Park.jpg\" rel=\"attachment wp-att-281\"><img decoding=\"async\" class=\"side_bar_img size-medium wp-image-280 alignnone\" src=\"https:\/\/www.urlaub-auf-madagaskar.com\/wp-content\/uploads\/2015\/07\/Ranomafana-National-Park-300x200.jpg\" alt=\"Ranomafana National Park\" \/><\/a><\/div>\n<\/div>\n<div class=\"col-md-12 col-sm-12 no_padding\">\n<div class=\"home_content_div\">\n<h3>The thermal springs of Ranomafana<\/h3>\n<p>The thermal springs of the place also deserve even more extensive description. It may be that in these springs you might find yourself <strong>after a<\/strong> <strong>Trip to the rainforest<\/strong> want to relax properly. However, this is only advised for people with good physical fitness, as a <strong>Bath in the thermal springs<\/strong> can certainly be perceived as strenuous. The thermal baths are located about 500 meters from Ranomafana and can also be easily reached on foot. By the way, next to the baths are the <strong>Summer houses of two former presidents of the country<\/strong> - an unmistakable sign of the very special charm of this impressive region.<\/p>\n<p>The water in the thermal baths is usually changed exactly once a week and that is always on Wednesday. In our experience, the <strong>Water change always on Wednesday<\/strong> and the best time to enjoy the bath is on Wednesday and Thursday. On the other days, the water quality deteriorates visibly. Since the water in the baths <strong>slightly radioactive and very warm<\/strong> is, it may be advisable for people with circulatory problems to rather look for another leisure activity.<\/p>\n<p>If you love nature and the untouched rainforest with all its many facets has a great fascination for you, then we can offer you the <strong>Detour to Ranomafana<\/strong> can only warmly recommend. Here you will get to know nature as you have never experienced it before and numerous indescribable impressions of your <strong>Journey through Madagascar<\/strong> to take home with you. We will be happy to provide you with our detailed knowledge so that the most accurate and <strong>goal-oriented planning of the tour section<\/strong> possible. You are also welcome to contact us if you have any questions about individual sections of the route, destinations or even accommodation options.<\/p>\n<\/div>\n<\/div>\n<\/div>\n<\/div>","protected":false},"excerpt":{"rendered":"<p>Von Manakara geht es nach Ranomafana: Von der K\u00fcste in den Dschungel Unabh\u00e4ngig davon, ob Sie mit der Bahn oder auf anderem Wege nach Manakara gereist sind \u2013 das kleine K\u00fcstenst\u00e4dtchen wird Sie sofort mit all seinem Charme empfangen. Wenn ein Zug in der Stadt eintrudelt ger\u00e4t gef\u00fchlt sofort die ganze Stadt in Bewegung und [&hellip;]<\/p>\n","protected":false},"author":3,"featured_media":2291,"parent":0,"menu_order":5,"comment_status":"open","ping_status":"closed","template":"","meta":{"footnotes":""},"categories":[499],"class_list":["post-1368","page","type-page","status-publish","has-post-thumbnail","hentry","category-rn7"],"_links":{"self":[{"href":"https:\/\/www.urlaub-auf-madagaskar.com\/en\/wp-json\/wp\/v2\/pages\/1368","targetHints":{"allow":["GET"]}}],"collection":[{"href":"https:\/\/www.urlaub-auf-madagaskar.com\/en\/wp-json\/wp\/v2\/pages"}],"about":[{"href":"https:\/\/www.urlaub-auf-madagaskar.com\/en\/wp-json\/wp\/v2\/types\/page"}],"author":[{"embeddable":true,"href":"https:\/\/www.urlaub-auf-madagaskar.com\/en\/wp-json\/wp\/v2\/users\/3"}],"replies":[{"embeddable":true,"href":"https:\/\/www.urlaub-auf-madagaskar.com\/en\/wp-json\/wp\/v2\/comments?post=1368"}],"version-history":[{"count":0,"href":"https:\/\/www.urlaub-auf-madagaskar.com\/en\/wp-json\/wp\/v2\/pages\/1368\/revisions"}],"wp:featuredmedia":[{"embeddable":true,"href":"https:\/\/www.urlaub-auf-madagaskar.com\/en\/wp-json\/wp\/v2\/media\/2291"}],"wp:attachment":[{"href":"https:\/\/www.urlaub-auf-madagaskar.com\/en\/wp-json\/wp\/v2\/media?parent=1368"}],"wp:term":[{"taxonomy":"category","embeddable":true,"href":"https:\/\/www.urlaub-auf-madagaskar.com\/en\/wp-json\/wp\/v2\/categories?post=1368"}],"curies":[{"name":"wp","href":"https:\/\/api.w.org\/{rel}","templated":true}]}}