{"id":1363,"date":"2015-08-06T13:33:22","date_gmt":"2015-08-06T11:33:22","guid":{"rendered":"https:\/\/urlaub-auf-madagaskar.alpha-beta.de\/?page_id=1363"},"modified":"2020-02-12T13:18:05","modified_gmt":"2020-02-12T12:18:05","slug":"zugfahrt-nach-manakara","status":"publish","type":"page","link":"https:\/\/www.urlaub-auf-madagaskar.com\/en\/train-ride-to-manakara\/","title":{"rendered":"Train ride to Manakara"},"content":{"rendered":"<h1>Train ride to Manakara<\/h1>\n<div class=\"bg_white\">\n<div class=\"col-md-12 col-sm-12 bg_white border no_padding margin_bottom_content\">\n<div class=\"col-md-12 col-sm-12 no_padding\">\n<div class=\"home_bg text-center side_bar_padding\"><a href=\"\/wp-content\/uploads\/2015\/08\/3726208277_3bdffb5f65.jpg\"><img fetchpriority=\"high\" decoding=\"async\" width=\"500\" height=\"332\" class=\"side_bar_img size-medium wp-image-1364 alignnone\" src=\"https:\/\/www.urlaub-auf-madagaskar.com\/wp-content\/uploads\/2015\/08\/3726208277_3bdffb5f65.jpg\" alt=\"Frog in Andasibe\" srcset=\"https:\/\/www.urlaub-auf-madagaskar.com\/wp-content\/uploads\/2015\/08\/3726208277_3bdffb5f65.jpg 500w, https:\/\/www.urlaub-auf-madagaskar.com\/wp-content\/uploads\/2015\/08\/3726208277_3bdffb5f65-300x199.jpg 300w, https:\/\/www.urlaub-auf-madagaskar.com\/wp-content\/uploads\/2015\/08\/3726208277_3bdffb5f65-20x13.jpg 20w\" sizes=\"(max-width: 500px) 100vw, 500px\" \/><\/a><\/div>\n<\/div>\n<div class=\"col-md-12 col-sm-12 no_padding\">\n<div class=\"home_content_div\">\n<h3>Enjoy this highlight<\/h3>\n<p>In Germany and most other European countries, train journeys have become such a matter of course that few people can still enjoy them. In this country, people take the train to work and back and, in the worst case, still get annoyed by the unplanned delays of the train. On Madagascar, the rules are quite different, because a train ride on the island is much more spectacular and by no means possible everywhere. Here expire currently always <strong>more extensive sections of the railroad<\/strong> instead of being put back into operation, but a small adventure is the <strong>Journey by train through Madagascar<\/strong>\u00a0 certainly for many tourists, one of the highlights of the trip even if it would be even somewhat functional.<\/p>\n<p>If you want to enjoy this extraordinary experience on your <strong>Journey through Madagascar<\/strong> don't want to miss or maybe even want to learn in the first place what exactly makes a trip by train in Madagascar so spectacular, the following sections provide you with just the right information. We have compiled these to give you just a few of the <strong>different travel options <\/strong>that you can encounter on Madagascar. Unfortunately, in the current state of the locomotive, the wagons, the tracks and especially the chronic unpunctuality, the train ride is an imposition and can only be recommended for die-hard train lovers.<\/p>\n<p>However, there is a possibility to rent a trolley and make the trip in a group in ideal conditions.If you want to get more information about the trip, this section of the route or a specific tour planning, we are always at your disposal.<\/p>\n<\/div>\n<\/div>\n<\/div>\n<\/div>\n<div class=\"bg_white\">\n<div class=\"col-md-12 col-sm-12 bg_white border no_padding margin_bottom_content\">\n<div class=\"col-md-12 col-sm-12 no_padding\">\n<div class=\"home_bg text-center side_bar_padding\"><a href=\"\/wp-content\/uploads\/2015\/08\/Wagon-Lac-Hotel.jpg\"><img decoding=\"async\" width=\"300\" height=\"200\" class=\"side_bar_img size-medium wp-image-2288 alignnone\" src=\"https:\/\/www.urlaub-auf-madagaskar.com\/wp-content\/uploads\/2015\/08\/Wagon-Lac-Hotel-300x200.jpg\" alt=\"Frog in Andasibe\" srcset=\"https:\/\/www.urlaub-auf-madagaskar.com\/wp-content\/uploads\/2015\/08\/Wagon-Lac-Hotel-300x200.jpg 300w, https:\/\/www.urlaub-auf-madagaskar.com\/wp-content\/uploads\/2015\/08\/Wagon-Lac-Hotel-20x13.jpg 20w, https:\/\/www.urlaub-auf-madagaskar.com\/wp-content\/uploads\/2015\/08\/Wagon-Lac-Hotel.jpg 314w\" sizes=\"(max-width: 300px) 100vw, 300px\" \/><\/a><\/div>\n<\/div>\n<div class=\"col-md-12 col-sm-12 no_padding\">\n<div class=\"home_content_div\">\n<h3>In Fianarantsoa is the beginning of the route<\/h3>\n<p>Before boarding the train to Manakara, we recommend that you first explore Fianarantsoa and the surrounding area in a little more detail. Today, Fianarantsoa is an important university town and at the same time the <strong>Seat of a catholic bishop<\/strong>. Thanks in particular to missionary activities, the city of Fianarantsoa today has quite a good reputation and in some ways resembles a smaller version of the Malagasy capital Antananarivo. We recommend especially a <strong>Visit to the photo studio<\/strong> of the Malagasy photographer <a href=\"https:\/\/www.urlaub-auf-madagaskar.com\/en\/pierrot-men-the-famous-photographer-from-madagascar\/\"><strong>Pierrot Men<\/strong><\/a>, whose works of art are also very famous and recognized outside the country's borders.<\/p>\n<p>But not only Fianarantsoa alone holds a certain charm, because the surrounding area should not be ignored. In the nearby <strong>Sahambavy<\/strong> there are almost endless tea plantations, which can be explored during a very good guided tour. Directly nearby is also the <a href=\"https:\/\/www.urlaub-auf-madagaskar.com\/en\/hotels\/#lac_hotel\"><strong>Lac Hotel<\/strong><\/a>. Directly on a lake you can enjoy there not only in a breathtakingly <strong>beautiful tropical garden<\/strong> but also stay in very well equipped and unique bungalows. One wagon was furnished as a luxury apartment and can be booked. Especially practical: After breakfast you can go directly to the <strong><em>Jungle Express<\/em><\/strong> board and enjoy the upcoming train ride well fortified.<\/p>\n<\/div>\n<\/div>\n<\/div>\n<\/div>\n<div class=\"bg_white\">\n<div class=\"col-md-12 col-sm-12 bg_white border no_padding margin_bottom_content\">\n<div class=\"col-md-12 col-sm-12 no_padding\">\n<div class=\"home_bg text-center side_bar_padding\"><a href=\"\/wp-content\/uploads\/2015\/07\/fianarantsoa-manakara_940x705-300x225.jpg\"><img decoding=\"async\" width=\"300\" height=\"225\" class=\"side_bar_img size-medium wp-image-255 alignnone\" src=\"https:\/\/www.urlaub-auf-madagaskar.com\/wp-content\/uploads\/2015\/07\/fianarantsoa-manakara_940x705-300x225.jpg\" alt=\"Frog in Andasibe\" srcset=\"https:\/\/www.urlaub-auf-madagaskar.com\/wp-content\/uploads\/2015\/07\/fianarantsoa-manakara_940x705-300x225.jpg 300w, https:\/\/www.urlaub-auf-madagaskar.com\/wp-content\/uploads\/2015\/07\/fianarantsoa-manakara_940x705-768x576.jpg 768w, https:\/\/www.urlaub-auf-madagaskar.com\/wp-content\/uploads\/2015\/07\/fianarantsoa-manakara_940x705-20x15.jpg 20w, https:\/\/www.urlaub-auf-madagaskar.com\/wp-content\/uploads\/2015\/07\/fianarantsoa-manakara_940x705.jpg 940w\" sizes=\"(max-width: 300px) 100vw, 300px\" \/><\/a><\/div>\n<\/div>\n<div class=\"col-md-12 col-sm-12 no_padding\">\n<div class=\"home_content_div\">\n<h3>The railroad will take you to Manakara<\/h3>\n<p>A train ride to Manakara is available as <strong>tourist highlight<\/strong> to describe, however, will take a lot out of you. In particular, the unpunctuality of the railroad and the <strong>steadily deteriorating service<\/strong> prove to be almost unreasonable from time to time. Nevertheless, this stage of the journey is an absolute must for all those who really want to experience everything in Madagascar.<\/p>\n<p>The railroad was originally installed in the 1930s, primarily to provide the <strong>precious colonial goods<\/strong> safely to the coasts. In the meantime, however, the railroad is also frequently used by tourists or photographers, who can take truly unique pictures on this impressive route. However, bananas, coffee and other goods are still transported by rail today and that is exactly why the <strong>Route to Manakaara<\/strong> so important for the people in the villages.<\/p>\n<p>The journey from Fianarantsoa to Manakara includes a total of one <strong>Distance of a little more than 160 kilometers<\/strong>, passes over more than 60 bridges and through nearly 50 different tunnels. The ride runs with a <strong>Speed of about 15 kilometers<\/strong> an hour and the doors usually remain open during the ride. There is a 1st class on the train where you can even reserve a seat, otherwise you will have to either sit on the floor or spend the ride standing. You should not hope for luxury or comfort during the ride, because even the <strong>Toilet situation<\/strong> in the railroad is not exactly favorable. After all, you can count on it at any station optimal <strong>supplied with food and drinks<\/strong> children and women have specialized in selling small food and drinks to the travelers.<\/p>\n<p>The train ride itself is as smooth as it can be from the rusty rails. The train makes optimal use of the gentle gradient towards the coast and winds down in soft curves. The route as such is exceedingly varied, because <strong>Banana plantations, lush forest sections and the Faraony River<\/strong> accompany the train on its journey. Finally, the train reaches Manakara: the air has become humid and salty by now and the temperatures have risen significantly. You leave the train and enjoy the cool evening wind that blows the <strong>Air from Indian Ocean<\/strong> transfers here.<\/p>\n<p>If you have now got the desire to experience the strains of a <strong>Train ride from Fianarantsoa to Manakara<\/strong> then you should definitely contact us so that we can do the planning for you. The clocks in Madagascar tick a little differently than in Europe and different standards are on the agenda. So that you can <strong>working planning<\/strong> can rely on, we are the best contact.<\/p>\n<p>More on the topic under this <strong><a href=\"https:\/\/www.urlaub-auf-madagaskar.com\/en\/the-so-called-jungle-express\/\" target=\"_self\" rel=\"noopener noreferrer\">Link<\/a><\/strong><\/p>\n<\/div>\n<\/div>\n<\/div>\n<\/div>","protected":false},"excerpt":{"rendered":"<p>Zugfahrt nach Manakara Genie\u00dfen Sie diesen H\u00f6hepunkt In Deutschland und den meisten anderen europ\u00e4ischen L\u00e4ndern sind Zugfahrten zu einer solchen Selbstverst\u00e4ndlichkeit geworden, dass die wenigsten Menschen sich noch an ihnen erfreuen k\u00f6nnen. Hierzulande f\u00e4hrt man mit dem Zug zur Arbeit und wieder zur\u00fcck und \u00e4rgert sich im schlimmsten Fall noch \u00fcber die ungeplanten Versp\u00e4tungen der [&hellip;]<\/p>\n","protected":false},"author":3,"featured_media":1364,"parent":0,"menu_order":4,"comment_status":"open","ping_status":"closed","template":"","meta":{"footnotes":""},"categories":[499],"class_list":["post-1363","page","type-page","status-publish","has-post-thumbnail","hentry","category-rn7"],"_links":{"self":[{"href":"https:\/\/www.urlaub-auf-madagaskar.com\/en\/wp-json\/wp\/v2\/pages\/1363","targetHints":{"allow":["GET"]}}],"collection":[{"href":"https:\/\/www.urlaub-auf-madagaskar.com\/en\/wp-json\/wp\/v2\/pages"}],"about":[{"href":"https:\/\/www.urlaub-auf-madagaskar.com\/en\/wp-json\/wp\/v2\/types\/page"}],"author":[{"embeddable":true,"href":"https:\/\/www.urlaub-auf-madagaskar.com\/en\/wp-json\/wp\/v2\/users\/3"}],"replies":[{"embeddable":true,"href":"https:\/\/www.urlaub-auf-madagaskar.com\/en\/wp-json\/wp\/v2\/comments?post=1363"}],"version-history":[{"count":0,"href":"https:\/\/www.urlaub-auf-madagaskar.com\/en\/wp-json\/wp\/v2\/pages\/1363\/revisions"}],"wp:featuredmedia":[{"embeddable":true,"href":"https:\/\/www.urlaub-auf-madagaskar.com\/en\/wp-json\/wp\/v2\/media\/1364"}],"wp:attachment":[{"href":"https:\/\/www.urlaub-auf-madagaskar.com\/en\/wp-json\/wp\/v2\/media?parent=1363"}],"wp:term":[{"taxonomy":"category","embeddable":true,"href":"https:\/\/www.urlaub-auf-madagaskar.com\/en\/wp-json\/wp\/v2\/categories?post=1363"}],"curies":[{"name":"wp","href":"https:\/\/api.w.org\/{rel}","templated":true}]}}