{"id":1356,"date":"2015-08-06T13:28:42","date_gmt":"2015-08-06T11:28:42","guid":{"rendered":"https:\/\/urlaub-auf-madagaskar.alpha-beta.de\/?page_id=1356"},"modified":"2020-02-12T13:18:05","modified_gmt":"2020-02-12T12:18:05","slug":"antsirabe-ambositra","status":"publish","type":"page","link":"https:\/\/www.urlaub-auf-madagaskar.com\/en\/antsirabe-ambositra\/","title":{"rendered":"Antsirabe \/ Ambositra"},"content":{"rendered":"<h1>Antsirabe and Ambositra:<\/h1>\n<div class=\"bg_white\">\n<div class=\"col-md-12 col-sm-12 bg_white border no_padding margin_bottom_content\">\n<div class=\"col-md-12 col-sm-12 no_padding\">\n<div class=\"home_bg text-center side_bar_padding\"><a href=\"\/wp-content\/uploads\/2015\/08\/riziere_paysage_vache_vert_madagascar_plantation_etage.jpg\"><img fetchpriority=\"high\" decoding=\"async\" width=\"300\" height=\"225\" class=\"side_bar_img size-medium wp-image-1358 alignnone\" src=\"https:\/\/www.urlaub-auf-madagaskar.com\/wp-content\/uploads\/2015\/08\/riziere_paysage_vache_vert_madagascar_plantation_etage-300x225.jpg\" srcset=\"https:\/\/www.urlaub-auf-madagaskar.com\/wp-content\/uploads\/2015\/08\/riziere_paysage_vache_vert_madagascar_plantation_etage-300x225.jpg 300w, https:\/\/www.urlaub-auf-madagaskar.com\/wp-content\/uploads\/2015\/08\/riziere_paysage_vache_vert_madagascar_plantation_etage-20x15.jpg 20w, https:\/\/www.urlaub-auf-madagaskar.com\/wp-content\/uploads\/2015\/08\/riziere_paysage_vache_vert_madagascar_plantation_etage.jpg 512w\" sizes=\"(max-width: 300px) 100vw, 300px\" \/><\/a><\/div>\n<\/div>\n<div class=\"col-md-12 col-sm-12 no_padding\">\n<div class=\"home_content_div\">\n<h3>Experience dreamlike encounters<\/h3>\n<p>If you already have a few <strong>Days in Madagascar<\/strong> After you have spent some time in Antsirabe and visited the nearby volcanic lakes or the spectacular gemstone market, you can continue south on the RN 7. In this direction various <strong>exciting adventures<\/strong>You can look forward to a wonderful trip, scenic highlights and the encounter with many friendly and open-minded people.<\/p>\n<p>How about a tour from Antsirabe to Ambositra and the Zafimaniry villages? Experience the extraordinary mixture of culture, nature and adventure that can only be found in one place. <strong>Madagascar vacation<\/strong> can be discovered. We give you for this in the following <strong>numerous tips for excursions and experiences<\/strong> and would like to give you with our explanations an <strong>little foretaste<\/strong> on what you will be doing during your <strong>Journey through Madagascar<\/strong> awaits you. Let us take you to a world that is so strange and different from anything you have ever seen before. If our suggestions and ideas have inspired you, we would be delighted to receive a <strong>Feedback<\/strong> and would love to take over the travel planning for very specific tours for you. Profit from our <strong>extensive experience<\/strong> as well as our knowledge of the best and most beautiful places in Madagascar. We are looking forward to meeting you.<\/p>\n<\/div>\n<\/div>\n<\/div>\n<\/div>\n<div class=\"bg_white\">\n<div class=\"col-md-12 col-sm-12 bg_white border no_padding margin_bottom_content\">\n<div class=\"col-md-12 col-sm-12 no_padding\">\n<div class=\"home_bg text-center side_bar_padding\"><a href=\"https:\/\/www.urlaub-auf-madagaskar.com\/wp-content\/uploads\/2015\/08\/Antsirabe.jpg\" rel=\"attachment wp-att-2275\"><img decoding=\"async\" width=\"300\" height=\"182\" class=\"side_bar_img size-medium wp-image-2275 alignnone\" src=\"https:\/\/www.urlaub-auf-madagaskar.com\/wp-content\/uploads\/2015\/08\/Antsirabe-300x182.jpg\" alt=\"Antsirabe\" srcset=\"https:\/\/www.urlaub-auf-madagaskar.com\/wp-content\/uploads\/2015\/08\/Antsirabe-300x182.jpg 300w, https:\/\/www.urlaub-auf-madagaskar.com\/wp-content\/uploads\/2015\/08\/Antsirabe-20x12.jpg 20w, https:\/\/www.urlaub-auf-madagaskar.com\/wp-content\/uploads\/2015\/08\/Antsirabe.jpg 314w\" sizes=\"(max-width: 300px) 100vw, 300px\" \/><\/a><\/div>\n<\/div>\n<div class=\"col-md-12 col-sm-12 no_padding\">\n<div class=\"home_content_div\">\n<h3>From Antsirabe the trip goes south<\/h3>\n<p>The start of this small, but extremely fine tour or this section of the route is in Antsirabe, from where you move further south. The RN 7 presents itself here with numerous curves and loops and thus allows you a <strong>ingenious view<\/strong> on the surrounding environment. Rice fields, eucalyptus and also pine forests line its path, because the area is fertile and offers fruits and numerous other natural products almost in abundance. But not only the <strong>edible natural products<\/strong> are high on the popularity scale in this region: Also the <strong>Mineral resources of the surroundings<\/strong> are by no means to be disregarded: Numerous semi-precious stones can be found in this area, although it should be noted that many deposits have not even been developed yet.<\/p>\n<\/div>\n<\/div>\n<\/div>\n<\/div>\n<div class=\"bg_white\">\n<div class=\"col-md-12 col-sm-12 bg_white border no_padding margin_bottom_content\">\n<div class=\"col-md-12 col-sm-12 no_padding\">\n<div class=\"home_bg text-center side_bar_padding\"><a href=\"https:\/\/www.urlaub-auf-madagaskar.com\/wp-content\/uploads\/2015\/08\/Reisfeld.jpg\" rel=\"attachment wp-att-2276\"><img decoding=\"async\" width=\"300\" height=\"200\" class=\"side_bar_img size-medium wp-image-2276 alignnone\" src=\"https:\/\/www.urlaub-auf-madagaskar.com\/wp-content\/uploads\/2015\/08\/Reisfeld-300x200.jpg\" alt=\"Rice field\" srcset=\"https:\/\/www.urlaub-auf-madagaskar.com\/wp-content\/uploads\/2015\/08\/Reisfeld-300x200.jpg 300w, https:\/\/www.urlaub-auf-madagaskar.com\/wp-content\/uploads\/2015\/08\/Reisfeld-20x13.jpg 20w, https:\/\/www.urlaub-auf-madagaskar.com\/wp-content\/uploads\/2015\/08\/Reisfeld.jpg 314w\" sizes=\"(max-width: 300px) 100vw, 300px\" \/><\/a><\/div>\n<\/div>\n<div class=\"col-md-12 col-sm-12 no_padding\">\n<div class=\"home_content_div\">\n<p>A little further south, you will reach Mount Ibity, which is already known by many tour operators as a <strong>little insider tip<\/strong> applies. Especially the change in the population can be seen well here. While in the previous regions mainly the Merina lived, about 40 kilometers south of Antsirabe you reach the land of the Betsileo. You will surely meet numerous people in this region, who are mainly known for their <strong>colorful robes<\/strong> noticeable. The houses of the Betsileo are usually equipped with a small balcony and the agricultural skills of their inhabitants are recognizable everywhere. Let yourself be captured by the sight of the people living here: The hustle and bustle of the fields, villages decorated with flowers and women washing their clothes on the riverbanks - all this has an almost <strong>hypnotic attraction<\/strong>.<\/p>\n<\/div>\n<\/div>\n<\/div>\n<\/div>\n<div class=\"col-md-12 col-sm-12 bg_white border no_padding margin_bottom_content\">\n<div class=\"col-md-12 col-sm-12 home_content_div\">\n<h3>It goes to Ambositra<\/h3>\n<p>On this tour, Ambositra is the next point on your itinerary. Ambositra is considered to be the former capital of the Betsileo people and is located in a <strong>picturesque area<\/strong>. Often thin clouds of fog form around the small town, because it was built in a rather humid region on an imposing hill. Not only the Betsileo feel at home in Ambositra, because the small town is also famous for the Zafimaniry. The name of this people translated means something like \"the children of the wishing\" and the people are especially known for their <strong>Wood carving art<\/strong> famous. This art was <strong>from the<\/strong> <strong>UNESCO even to the world cultural heritage<\/strong> explained and fortunately you can buy the carvings in many stores and also street stalls. Rosewood, ebony and rosewood are the popular materials of the Zafimaniry. Of course, you are welcome to take a trip to the surrounding villages.<\/p>\n<\/div>\n<\/div>\n<div class=\"bg_white\">\n<div class=\"col-md-12 col-sm-12 bg_white border no_padding margin_bottom_content\">\n<div class=\"col-md-12 col-sm-12 no_padding\">\n<div class=\"home_bg text-center side_bar_padding\"><a href=\"\/wp-content\/uploads\/2015\/08\/1968765256_c07d87c32a.jpg\"><img loading=\"lazy\" decoding=\"async\" class=\"side_bar_img size-medium wp-image-1357 alignnone\" src=\"https:\/\/www.urlaub-auf-madagaskar.com\/wp-content\/uploads\/2015\/08\/1968765256_c07d87c32a-300x225.jpg\" width=\"300\" height=\"225\" srcset=\"https:\/\/www.urlaub-auf-madagaskar.com\/wp-content\/uploads\/2015\/08\/1968765256_c07d87c32a-300x225.jpg 300w, https:\/\/www.urlaub-auf-madagaskar.com\/wp-content\/uploads\/2015\/08\/1968765256_c07d87c32a-20x15.jpg 20w, https:\/\/www.urlaub-auf-madagaskar.com\/wp-content\/uploads\/2015\/08\/1968765256_c07d87c32a.jpg 500w\" sizes=\"(max-width: 300px) 100vw, 300px\" \/><\/a><\/div>\n<\/div>\n<div class=\"col-md-12 col-sm-12 no_padding\">\n<div class=\"home_content_div\">\n<h3>The Zafimaniry villages are worth a visit<\/h3>\n<p>If you want to get to know the Zafimaniry, the creators of the extraordinary wood carvings, a little better, you should make your way to the nearby villages of this small tribe. However, the way there is a bit arduous, because the roads running next to the RN 7 are often not much more than better moguls that promise little comfort during the journey. The main village of the Zafimaniry is Antoetra, but also the other villages, which however can only be reached on foot and <strong>with local accompaniment<\/strong> can be reached, are definitely worth a look. In these same villages you can see the <strong>Wood carving art of this people<\/strong> finally discover not only with the small figures, but also at the various houses of the village. Accordingly, photographic motifs are comprehensively provided.<\/p>\n<p>If you want to go to the villages, however, make sure you have the right equipment and a <strong>experienced guide<\/strong> eighth. Antoetra is also the starting point to the other remote Zafimaniry villages: Ifasina, Ankidodo, Ambohimanariva, Ambatolampy, Faliarivo, Fempina, Tetazandrotra, Vohitrandrina, Antetezandrota and Sakairo, but you can only get there on foot and with a local escort. Especially in the winter months, it can get surprisingly chilly at night as well as during the day. Furthermore, most of the villages do not offer recommendable overnight accommodations, which is why the <strong>Taking a tent set<\/strong> seems to make sense. If you need help with the logistical planning of this tour episode or need any further <strong>Tips for excursions<\/strong> you are looking for, please do not hesitate to contact us. We have been living in Madagascar for several years and have made it our business to pass on our knowledge about the island to open-minded and positive vacationers. So your <strong>Trip to Madagascar<\/strong> become a unique and unforgettable experience.<\/p>\n<\/div>\n<\/div>\n<\/div>\n<\/div>","protected":false},"excerpt":{"rendered":"<p>Antsirabe und Ambositra: Erleben Sie traumhafte Begegnungen Wenn Sie bereits ein paar Tage auf Madagaskar verbracht haben und in Antsirabe zum Beispiel die nahegelegenen Vulkanseen oder den spektakul\u00e4ren Edelsteinmarkt besichtigt haben, kann es f\u00fcr Sie auf der RN 7 weiter gen S\u00fcden gehen. In diese Richtung warten verschiedene spannende Abenteuer, landschaftliche Highlights und die Begegnung [&hellip;]<\/p>\n","protected":false},"author":3,"featured_media":1358,"parent":0,"menu_order":2,"comment_status":"open","ping_status":"closed","template":"","meta":{"footnotes":""},"categories":[499],"class_list":["post-1356","page","type-page","status-publish","has-post-thumbnail","hentry","category-rn7"],"_links":{"self":[{"href":"https:\/\/www.urlaub-auf-madagaskar.com\/en\/wp-json\/wp\/v2\/pages\/1356","targetHints":{"allow":["GET"]}}],"collection":[{"href":"https:\/\/www.urlaub-auf-madagaskar.com\/en\/wp-json\/wp\/v2\/pages"}],"about":[{"href":"https:\/\/www.urlaub-auf-madagaskar.com\/en\/wp-json\/wp\/v2\/types\/page"}],"author":[{"embeddable":true,"href":"https:\/\/www.urlaub-auf-madagaskar.com\/en\/wp-json\/wp\/v2\/users\/3"}],"replies":[{"embeddable":true,"href":"https:\/\/www.urlaub-auf-madagaskar.com\/en\/wp-json\/wp\/v2\/comments?post=1356"}],"version-history":[{"count":0,"href":"https:\/\/www.urlaub-auf-madagaskar.com\/en\/wp-json\/wp\/v2\/pages\/1356\/revisions"}],"wp:featuredmedia":[{"embeddable":true,"href":"https:\/\/www.urlaub-auf-madagaskar.com\/en\/wp-json\/wp\/v2\/media\/1358"}],"wp:attachment":[{"href":"https:\/\/www.urlaub-auf-madagaskar.com\/en\/wp-json\/wp\/v2\/media?parent=1356"}],"wp:term":[{"taxonomy":"category","embeddable":true,"href":"https:\/\/www.urlaub-auf-madagaskar.com\/en\/wp-json\/wp\/v2\/categories?post=1356"}],"curies":[{"name":"wp","href":"https:\/\/api.w.org\/{rel}","templated":true}]}}