{"id":1264,"date":"2015-08-06T09:50:04","date_gmt":"2015-08-06T07:50:04","guid":{"rendered":"https:\/\/urlaub-auf-madagaskar.alpha-beta.de\/?page_id=1264"},"modified":"2020-01-27T19:49:03","modified_gmt":"2020-01-27T18:49:03","slug":"ins-land-der-dornenmenschen","status":"publish","type":"page","link":"https:\/\/www.urlaub-auf-madagaskar.com\/en\/in-the-land-of-thorny-people\/","title":{"rendered":"Into the land of the thorn people"},"content":{"rendered":"<h1>Tour proposal: The land of the thorn people<\/h1>\n<div class=\"bg_white\">\n<div class=\"col-md-12 col-sm-12 bg_white border no_padding margin_bottom_content\">\n<div class=\"col-md-12 col-sm-12 no_padding\">\n<div class=\"home_bg text-center side_bar_padding\"><a href=\"https:\/\/www.urlaub-auf-madagaskar.com\/wp-content\/uploads\/2015\/08\/pt18667.jpg\"><img fetchpriority=\"high\" decoding=\"async\" width=\"450\" height=\"298\" class=\"side_bar_img size-medium wp-image-1269\" src=\"https:\/\/www.urlaub-auf-madagaskar.com\/wp-content\/uploads\/2015\/08\/pt18667.jpg\" alt=\"pt18667\" srcset=\"https:\/\/www.urlaub-auf-madagaskar.com\/wp-content\/uploads\/2015\/08\/pt18667.jpg 450w, https:\/\/www.urlaub-auf-madagaskar.com\/wp-content\/uploads\/2015\/08\/pt18667-300x199.jpg 300w, https:\/\/www.urlaub-auf-madagaskar.com\/wp-content\/uploads\/2015\/08\/pt18667-20x13.jpg 20w\" sizes=\"(max-width: 450px) 100vw, 450px\" \/><\/a><\/div>\n<\/div>\n<div class=\"col-md-12 col-sm-12 no_padding\">\n<div class=\"home_content_div\">\n<h3>8 days Madagascar from Tulear to Fort Dauphin<\/h3>\n<p>On a trip through Madagascar, the south of the country probably offers by far the greatest and most extraordinary travel experiences. For this very reason, we have put together a unique tour that you can book with us as an individual trip. Discover the partly still <strong>unexplored flora and fauna of the south<\/strong> of Madagascar and take a look at the people of the thorn people living there. Contrary to popular belief, the south of Madagascar is by no means only inhospitable and dry, but also offers numerous dream beaches. <strong>picturesque landscapes with azure sea <\/strong>and breathtakingly beautiful lagoons. One <strong>Journey through Madagascar <\/strong>offers you a lot of discoveries and explorations on this tour, but we would like to point out that this tour is organized by us and our experienced guides. <strong>not recommended as a beginner tour<\/strong> will. The rough terrain, the climatic conditions and also the infrastructural conditions will sometimes push tourists to their limits. For this you will be rewarded with <strong>spectacular insights<\/strong> and unforgettable impressions rewarded. Always remember that the tour presented below can be customized by us according to your wishes. <strong>Individually modified<\/strong> can be. An extension is just as possible as the accommodation of various additional stations on the trip. Contact us for this without obligation.<\/p>\n<\/div>\n<\/div>\n<\/div>\n<\/div>\n<div class=\"bg_white\">\n<div class=\"col-md-12 col-sm-12 bg_white border no_padding margin_bottom_content\">\n<div class=\"col-md-12 col-sm-12 no_padding\">\n<div class=\"home_bg text-center side_bar_padding\"><a href=\"https:\/\/www.urlaub-auf-madagaskar.com\/wp-content\/uploads\/2015\/08\/5S6-6-VV-Anakao-Tulear-2311-300x208.jpg\"><img decoding=\"async\" class=\"side_bar_img size-medium wp-image-3796\" src=\"https:\/\/www.urlaub-auf-madagaskar.com\/wp-content\/uploads\/2015\/08\/5S6-6-VV-Anakao-Tulear-2311-300x208.jpg\" alt=\"5S6-6 VV Anakao-Tulear 2311\" \/><\/a><\/div>\n<\/div>\n<div class=\"col-md-12 col-sm-12 no_padding\">\n<div class=\"home_content_div\">\n<h3>Individual trip from Tulear to Fort Dauphin<\/h3>\n<h3>Day 1: From Tulear to Saint Augustin<\/h3>\n<p>Your 8-day journey through the south of Madagascar begins on the first day in Tulear. After breakfast there, you will first head out by four-wheel drive car to <strong>West direction<\/strong>, then turn directly south. You will pass the Tropic of Capricorn and then arrive at the Hotel <a href=\"https:\/\/www.urlaub-auf-madagaskar.com\/en\/hotels\/#residence_eden_lodge\">Residence Eden<\/a><em> Lodge<\/em> an. This lies at the <strong>Grotto of Sarondrano <\/strong>and offers a wonderful view of a <strong>picturesque sunset<\/strong>which you can admire from the imposing <strong>Viewing terrace <\/strong>can observe. Optionally, you can additionally visit the grotto of Sarondrano and with a little luck even see some of the <strong>lemurs living there<\/strong> get to see. The hotel <a href=\"https:\/\/www.urlaub-auf-madagaskar.com\/en\/hotels\/#residence_eden_lodge\">Residence Eden<\/a><em> Lodge<\/em>, where you will also spend the night, is incidentally known for its excellent drinks and culinary specialties.<\/p>\n<\/div>\n<\/div>\n<\/div>\n<\/div>\n<div class=\"col-md-12 col-sm-12 bg_white border no_padding margin_bottom_content\">\n<div class=\"col-md-12 col-sm-12 home_content_div\">\n<h3>Day 2: From Saint Augustin to Anakao<\/h3>\n<p>On the second day you will take a boat to Anakao. It goes directly across the mouth of the Onilahy in a boat trip of about two hours. <strong>to the golden sandy beach of Anakao<\/strong>. Already when booking your trip you can choose between <strong>two hotel variants<\/strong> decide: The choice is the classic <em>Chez Freddy<\/em>which offers wooden bungalows directly in the dunes, or the slightly more upscale <em>Prince Anakao<\/em>. During your stay in Anakao waiting d<strong>he long sandy beach with the many picturesque fishing boats<\/strong> as well as the surrounding area. Dinner is planned at the hotel of your choice. Spend the day at the coast the way you like it best.<\/p>\n<\/div>\n<\/div>\n<div class=\"bg_white\">\n<div class=\"col-md-12 col-sm-12 bg_white border no_padding margin_bottom_content\">\n<div class=\"col-md-12 col-sm-12 no_padding\">\n<div class=\"home_bg text-center side_bar_padding\"><a href=\"https:\/\/www.urlaub-auf-madagaskar.com\/wp-content\/uploads\/2015\/10\/20151003_125238.jpg\" rel=\"attachment wp-att-1703\"><img decoding=\"async\" width=\"300\" height=\"225\" class=\"side_bar_img size-medium wp-image-1703\" src=\"https:\/\/www.urlaub-auf-madagaskar.com\/wp-content\/uploads\/2015\/10\/20151003_125238-300x225.jpg\" alt=\"Grotto with blind fish\" srcset=\"https:\/\/www.urlaub-auf-madagaskar.com\/wp-content\/uploads\/2015\/10\/20151003_125238-300x225.jpg 300w, https:\/\/www.urlaub-auf-madagaskar.com\/wp-content\/uploads\/2015\/10\/20151003_125238-20x15.jpg 20w, https:\/\/www.urlaub-auf-madagaskar.com\/wp-content\/uploads\/2015\/10\/20151003_125238.jpg 448w\" sizes=\"(max-width: 300px) 100vw, 300px\" \/><\/a><\/div>\n<\/div>\n<div class=\"col-md-12 col-sm-12 no_padding\">\n<div class=\"home_content_div\">\n<h3>Day 3: From Anakaho to Tsimanampetsotsa National Park<\/h3>\n<p>The third day of your <strong>Journey through Madagascar<\/strong> is all about the fabulous Tsimanampetsotsa National Park. With the four-wheel drive car you will explore this extraordinary park and first take a <strong>Detour to the soda lake<\/strong> undertake. There numerous pink flamingos, ray turtles, baobabs and also the playful calicoes are waiting for you. Also the extraordinary blind cave fish wants to be visited by you in its sacred grotto. - This is an experience you will definitely never forget. After the extensive <strong>Tour of the National Park <\/strong>you continue south. Itampolo is the next stop on your route. There lies <strong>one of the most beautiful beaches of Madagascar<\/strong>, which welcomes you with its very special flair. In the evening you will spend the night in the <strong><em>Gite d'Etape Sud Sud<\/em><\/strong>, the best accommodation in Itampolo. Enjoy the original decor, the delicious food in the restaurant and the really <strong>exceptional sea view<\/strong>. - A setting that truly inspires dreams.<\/p>\n<\/div>\n<\/div>\n<\/div>\n<\/div>\n<div class=\"col-md-12 col-sm-12 bg_white border no_padding margin_bottom_content\">\n<div class=\"col-md-12 col-sm-12 home_content_div\">\n<h3>Day 4: From Itampolo to Ampahiny<\/h3>\n<p>After a good refreshment you will go to the so-called thorny desert, a place where water is a real treasure. Enjoy the <strong>breathtaking scenery<\/strong> this stretch of road and don't forget to have your camera ready to capture these unique <strong>Pictures for eternity<\/strong> to record. In Ampahiny, a small town famous mainly for handicrafts and carpets made of mohair wool, our journey comes to an end for this day. The <em>Hotel Angora<\/em> awaits you with its <strong>nice ambience<\/strong> and a well-stocked restaurant.<\/p>\n<\/div>\n<\/div>\n<div class=\"bg_white\">\n<div class=\"col-md-12 col-sm-12 bg_white border no_padding margin_bottom_content\">\n<div class=\"col-md-12 col-sm-12 no_padding\">\n<div class=\"home_bg text-center side_bar_padding\"><a href=\"https:\/\/www.urlaub-auf-madagaskar.com\/wp-content\/uploads\/2015\/10\/20151001_101906.jpg\" rel=\"attachment wp-att-1698\"><img decoding=\"async\" width=\"300\" height=\"175\" class=\"side_bar_img size-medium wp-image-1698\" src=\"https:\/\/www.urlaub-auf-madagaskar.com\/wp-content\/uploads\/2015\/10\/20151001_101906-300x175.jpg\" alt=\"Cap Sainte Marie\" srcset=\"https:\/\/www.urlaub-auf-madagaskar.com\/wp-content\/uploads\/2015\/10\/20151001_101906-300x175.jpg 300w, https:\/\/www.urlaub-auf-madagaskar.com\/wp-content\/uploads\/2015\/10\/20151001_101906-20x12.jpg 20w, https:\/\/www.urlaub-auf-madagaskar.com\/wp-content\/uploads\/2015\/10\/20151001_101906.jpg 640w\" sizes=\"(max-width: 300px) 100vw, 300px\" \/><\/a><\/div>\n<\/div>\n<div class=\"col-md-12 col-sm-12 no_padding\">\n<div class=\"home_content_div\">\n<h3>Day 5: From Ampahiny via Betanty to Faux Cap<\/h3>\n<p>The roads you will cross on the fifth day of your <strong>Journey through Madagascar <\/strong>are not particularly well paved, which is why it can get a little bumpy at times. It goes further and further south and <strong>the richly decorated Mahafaly tombs <\/strong>right and left of the path as well as the numerous, partly bizarrely shaped <strong>Baobab trees<\/strong> will duly compensate you for the somewhat lower comfort during this section of the route. After a small stopover in Tsihombe, where you can have a simple lunch, you will continue directly to Betanty. Betanty is located on the <strong>Faux cap<\/strong>, which translates as \"false cap\". Enjoy the <strong>bizarrely shaped coastline<\/strong> and dive into a world that seems to be far away from anything you have seen before. The overnight stay is in the <em>Libertalia<\/em> a cozy and familiar bungalow complex.<\/p>\n<\/div>\n<\/div>\n<\/div>\n<\/div>\n<div class=\"col-md-12 col-sm-12 bg_white border no_padding margin_bottom_content\">\n<div class=\"col-md-12 col-sm-12 home_content_div\">\n<h3>Day 6: From Betanty to Cap St. Marie National Park and Ambovombe<\/h3>\n<p>Directly after breakfast we will continue towards Cap St. Marie National Park, where you will find numerous <strong>extraordinary creatures<\/strong> such as ray turtles and even crocodiles will encounter. A local guide will lead you on foot through the park and present you all the local sights on a well planned tour. During the <strong>Stay in the National Park <\/strong>there is also enough time for an extensive and strengthening picnic. After that it goes by car <strong>continue to Ambovombe<\/strong>, where the overnight stay in the hotel <em>Oasis<\/em> is planned. For dinner that night we will go to the best restaurant in the whole city.<\/p>\n<\/div>\n<\/div>\n<div class=\"bg_white\">\n<div class=\"col-md-12 col-sm-12 bg_white border no_padding margin_bottom_content\">\n<div class=\"col-md-12 col-sm-12 no_padding\">\n<div class=\"home_bg text-center side_bar_padding\"><a href=\"https:\/\/www.urlaub-auf-madagaskar.com\/wp-content\/uploads\/2015\/08\/fort-dauphin_cnt_11feb11_groucho-300x200.jpg\"><img loading=\"lazy\" decoding=\"async\" width=\"300\" height=\"200\" class=\"side_bar_img size-medium wp-image-1267\" src=\"https:\/\/www.urlaub-auf-madagaskar.com\/wp-content\/uploads\/2015\/08\/fort-dauphin_cnt_11feb11_groucho-300x200.jpg\" alt=\"fort-dauphin\" srcset=\"https:\/\/www.urlaub-auf-madagaskar.com\/wp-content\/uploads\/2015\/08\/fort-dauphin_cnt_11feb11_groucho-300x200.jpg 300w, https:\/\/www.urlaub-auf-madagaskar.com\/wp-content\/uploads\/2015\/08\/fort-dauphin_cnt_11feb11_groucho-20x13.jpg 20w, https:\/\/www.urlaub-auf-madagaskar.com\/wp-content\/uploads\/2015\/08\/fort-dauphin_cnt_11feb11_groucho.jpg 646w\" sizes=\"(max-width: 300px) 100vw, 300px\" \/><\/a><\/div>\n<\/div>\n<div class=\"col-md-12 col-sm-12 no_padding\">\n<div class=\"home_content_div\">\n<h3>Day 7: From Ambovombe to Fort Dauphin<\/h3>\n<p>The last full day of your trip is scheduled for the city of Fort Dauphin. You will go there directly after breakfast and you will quickly discover the <strong>strongly changing vegetation<\/strong> notice. More and more high mountains surround the road and shape the landscape. Numerous sisal plantations offer a <strong>breathtaking view<\/strong>. Fort Dauphin or Tolagnaro is a <strong>colorful port city<\/strong>, which offer you numerous attractions and activities. You can climb the Pic Louis and get an exceptional view of the surrounding landscape or go through <strong>the eventful alleys of the small harbor town <\/strong>stroll. If you need more inspiration to celebrate this day of your <strong>Madagascar vacation<\/strong> to be able to arrange optimally, you speak to us with pleasure. The overnight stay on the seventh day will be provided by the hotel <em>Lavasoa<\/em>, whereas you can enjoy dinner at the <em>Chez Perline<\/em>, one of the best restaurants in the region.<\/p>\n<\/div>\n<\/div>\n<\/div>\n<\/div>\n<div class=\"col-md-12 col-sm-12 bg_white border no_padding margin_bottom_content\">\n<div class=\"col-md-12 col-sm-12 home_content_div\">\n<h3>Day 8: From Fort Dauphin to Antananarivo<\/h3>\n<p>In the standard version of this individual tour, you will return to Antananarivo by plane on the eighth day. Alternatively, you can extend your trip if you wish and we will provide you with a <strong>Travel package <\/strong>together, where you will travel by car back to Antananarivo. This trip requires a <strong>Extension of at least eight, better nine days<\/strong>, as the track conditions are sometimes a bit difficult. Feel free to contact us for more information.<\/p>\n<\/div>\n<\/div>\n<div class=\"col-md-12 col-sm-12 bg_white border no_padding margin_bottom_content\">\n<div class=\"col-md-12 col-sm-12 home_content_div\">\n<h3>Facts and figures about the tour<\/h3>\n<p>As with all our tour proposals, we offer you a <strong>Maximum flexibility<\/strong> and accommodation. Almost all stops of the tour can be changed individually. We also offer you the possibility to integrate the return trip to Antananarivo into the tour. You only have to contact us and let us know your wishes, so that we can <strong>Trip to Madagascar<\/strong> to your <strong>personal dream vacation<\/strong> can become. In the following we now present you another <strong>List of services<\/strong>that you can expect from this trip as well as the total costs. For maximum transparency, we have additionally integrated an overview of what services you still have to pay on site or during the trip.<\/p>\n<table width=\"614\">\n<tbody>\n<tr>\n<td width=\"307\"><strong>8 days tour from Tulear to Fort Dauphin<\/strong><\/td>\n<td width=\"307\"><strong>Price per person<\/strong><\/td>\n<\/tr>\n<tr>\n<td width=\"307\">2 to 3 guests<\/td>\n<td width=\"307\">1750 \u20ac<\/td>\n<\/tr>\n<tr>\n<td width=\"307\">4 to 5 guests<\/td>\n<td width=\"307\">1700 \u20ac<\/td>\n<\/tr>\n<tr>\n<td width=\"307\">6 - 7 guests<\/td>\n<td width=\"307\">1680 \u20ac<\/td>\n<\/tr>\n<tr>\n<td width=\"307\">8 - 9 guests<\/td>\n<td width=\"307\">1580 \u20ac<\/td>\n<\/tr>\n<tr>\n<td width=\"307\">10 guests or more<\/td>\n<td width=\"307\">1490 \u20ac<\/td>\n<\/tr>\n<\/tbody>\n<\/table>\n<p>For single rooms we have to charge a supplement of 300\u20ac.<\/p>\n<p><strong>Integrated into the basic price:<\/strong><\/p>\n<ul>\n<li>Tour guide in German or English language<\/li>\n<li>Logistics and accompaniment<\/li>\n<li>all nights in the specified hotels<\/li>\n<li>Breakfast and dinner in the hotels or restaurants<\/li>\n<li>Transfers and trips as specified<\/li>\n<li>Four-wheel drive car and driver and fuel<\/li>\n<li>Fees and entrance fees for the indicated national parks<\/li>\n<\/ul>\n<p><strong>Not integrated into the basic price:<\/strong><\/p>\n<ul>\n<li>Lunch and drinks<\/li>\n<li>personal expenses<\/li>\n<li>individual leisure activities<\/li>\n<li>Sightseeing and excursions according to individual wishes<\/li>\n<li>national and international flights<\/li>\n<li>Diverse landscapes and people<\/li>\n<li>Fantastic swimming possibilities at the Mozambique channel<\/li>\n<\/ul>\n<\/div>\n<\/div>","protected":false},"excerpt":{"rendered":"<p>Tourenvorschlag: Das Land der Dornenmenschen 8 Tage Madagaskar von Tulear nach Fort Dauphin Auf einer Reise durch Madagaskar bietet der S\u00fcden des Landes die wohl mit Abstand gr\u00f6\u00dften und au\u00dfergew\u00f6hnlichsten Reiseerfahrungen. Genau aus diesem Grund haben wir eine einzigartige Tour zusammengestellt, die Sie als Individualreise bei uns buchen k\u00f6nnen. Entdecken Sie die teilweise noch unerforschte [&hellip;]<\/p>\n","protected":false},"author":3,"featured_media":1269,"parent":0,"menu_order":0,"comment_status":"open","ping_status":"closed","template":"","meta":{"footnotes":""},"categories":[473],"class_list":["post-1264","page","type-page","status-publish","has-post-thumbnail","hentry","category-sueden"],"_links":{"self":[{"href":"https:\/\/www.urlaub-auf-madagaskar.com\/en\/wp-json\/wp\/v2\/pages\/1264","targetHints":{"allow":["GET"]}}],"collection":[{"href":"https:\/\/www.urlaub-auf-madagaskar.com\/en\/wp-json\/wp\/v2\/pages"}],"about":[{"href":"https:\/\/www.urlaub-auf-madagaskar.com\/en\/wp-json\/wp\/v2\/types\/page"}],"author":[{"embeddable":true,"href":"https:\/\/www.urlaub-auf-madagaskar.com\/en\/wp-json\/wp\/v2\/users\/3"}],"replies":[{"embeddable":true,"href":"https:\/\/www.urlaub-auf-madagaskar.com\/en\/wp-json\/wp\/v2\/comments?post=1264"}],"version-history":[{"count":0,"href":"https:\/\/www.urlaub-auf-madagaskar.com\/en\/wp-json\/wp\/v2\/pages\/1264\/revisions"}],"wp:featuredmedia":[{"embeddable":true,"href":"https:\/\/www.urlaub-auf-madagaskar.com\/en\/wp-json\/wp\/v2\/media\/1269"}],"wp:attachment":[{"href":"https:\/\/www.urlaub-auf-madagaskar.com\/en\/wp-json\/wp\/v2\/media?parent=1264"}],"wp:term":[{"taxonomy":"category","embeddable":true,"href":"https:\/\/www.urlaub-auf-madagaskar.com\/en\/wp-json\/wp\/v2\/categories?post=1264"}],"curies":[{"name":"wp","href":"https:\/\/api.w.org\/{rel}","templated":true}]}}