{"id":1225,"date":"2015-08-03T10:49:46","date_gmt":"2015-08-03T08:49:46","guid":{"rendered":"https:\/\/urlaub-auf-madagaskar.alpha-beta.de\/?page_id=1225"},"modified":"2020-01-12T23:28:04","modified_gmt":"2020-01-12T22:28:04","slug":"hochzeitsreise-nosy-be-3","status":"publish","type":"page","link":"https:\/\/www.urlaub-auf-madagaskar.com\/en\/honeymoon-nosy-be-3\/","title":{"rendered":"Honeymoon Nosy Be 3 ***"},"content":{"rendered":"<h1>Honeymoon in Madagascar - 5 days special offer:<\/h1>\n<div class=\"bg_white\">\n<div class=\"col-md-12 col-sm-12 bg_white border no_padding margin_bottom_content\">\n<div class=\"col-md-12 col-sm-12 no_padding\">\n<div class=\"home_bg text-center side_bar_padding\"><a href=\"\/wp-content\/uploads\/2018\/06\/vanpis.png\"><img decoding=\"async\" class=\"side_bar_img size-medium wp-image-8136 alignnone\" src=\"https:\/\/www.urlaub-auf-madagaskar.com\/wp-content\/uploads\/2015\/08\/vanpis.jpg\" alt=\"vanpis\" \/><\/a><\/div>\n<\/div>\n<div class=\"col-md-12 col-sm-12 no_padding\">\n<div class=\"home_content_div\">\n<h3>5 days special offer for Nosy Be<\/h3>\n<p>You want to start your time together as a married couple with an extraordinary <strong>Honeymoon to Madagascar<\/strong> start? We present you with a unique offer that emphasizes relaxation and exoticism, comfort and wellness, and luxury and pleasure in equal measure. The talk is with this <strong>Honeymoon to Madagascar<\/strong>r from a 5-day special offer: Spend entire <strong>five days<\/strong> on the so-called perfume island Nosy Be and enjoy your stay with <strong>numerous luxurious extras<\/strong>. You can either book this honeymoon separately with us or request it in combination with an adventure or individual trip. For example, it is possible to start with an adventurous nature trip through Madagascar and then finish this unique experience on Nosy Be. We are gladly prepared to offer you a <strong>individual offer<\/strong> to submit to you. In the following, however, we would now like to present our <strong>five days special offer<\/strong> for your honeymoon on Nosy Be.<\/p>\n<\/div>\n<\/div>\n<\/div>\n<\/div>\n<div class=\"bg_white\">\n<div class=\"col-md-12 col-sm-12 bg_white border no_padding margin_bottom_content\">\n<div class=\"col-md-12 col-sm-12 no_padding\">\n<div class=\"home_bg text-center side_bar_padding\"><a href=\"https:\/\/www.urlaub-auf-madagaskar.com\/wp-content\/uploads\/2015\/08\/vansSpa_400_x_266.jpg\"><img fetchpriority=\"high\" decoding=\"async\" width=\"400\" height=\"266\" class=\"side_bar_img size-medium wp-image-1227 alignnone\" src=\"https:\/\/www.urlaub-auf-madagaskar.com\/wp-content\/uploads\/2015\/08\/vansSpa_400_x_266.jpg\" srcset=\"https:\/\/www.urlaub-auf-madagaskar.com\/wp-content\/uploads\/2015\/08\/vansSpa_400_x_266.jpg 400w, https:\/\/www.urlaub-auf-madagaskar.com\/wp-content\/uploads\/2015\/08\/vansSpa_400_x_266-300x200.jpg 300w, https:\/\/www.urlaub-auf-madagaskar.com\/wp-content\/uploads\/2015\/08\/vansSpa_400_x_266-20x13.jpg 20w\" sizes=\"(max-width: 400px) 100vw, 400px\" \/><\/a><\/div>\n<\/div>\n<div class=\"col-md-12 col-sm-12 no_padding\">\n<div class=\"home_content_div\">\n<h3>Five days full of love, luxury and pleasure<\/h3>\n<p>On Nosy Be, we have provided for you the Vanila &amp; Spa Hotel as accommodation. This is a <strong>Accommodation with three stars<\/strong>, where you will be pampered with numerous extras. We reserve for you one of the two <strong>Prestige Apartments<\/strong> and you can choose between a typical Malagasy or a classic African style of furnishing. The rooms have a <strong>View of the open sea<\/strong> and wait with their own terrace. This terrace covers an area of 30 square meters and thus offers enough space for a <strong>own jacuzzi<\/strong>. A stereo system, DVD player, TV with satellite reception and coffee and tea according to individual wishes are also available. To give you enough space during your <strong>Honeymoon in Madagascar<\/strong> your prestige apartment has two bathrooms and two living rooms. A <strong>King size bed<\/strong> for hours together as a couple and air conditioning are of course also integrated in this travel package. In addition, you get access to various swimming pools, a spa as well as a breathtakingly beautiful tropical garden.<\/p>\n<\/div>\n<\/div>\n<\/div>\n<\/div>\n<div class=\"bg_white\">\n<div class=\"col-md-12 col-sm-12 bg_white border no_padding margin_bottom_content\">\n<div class=\"col-md-12 col-sm-12 no_padding\">\n<div class=\"home_bg text-center side_bar_padding\"><a href=\"https:\/\/www.urlaub-auf-madagaskar.com\/wp-content\/uploads\/2015\/08\/vasuit.jpg\"><img decoding=\"async\" width=\"275\" height=\"183\" class=\"side_bar_img size-medium wp-image-1228 alignnone\" src=\"https:\/\/www.urlaub-auf-madagaskar.com\/wp-content\/uploads\/2015\/08\/vasuit.jpg\" alt=\"vasuit\" srcset=\"https:\/\/www.urlaub-auf-madagaskar.com\/wp-content\/uploads\/2015\/08\/vasuit.jpg 275w, https:\/\/www.urlaub-auf-madagaskar.com\/wp-content\/uploads\/2015\/08\/vasuit-20x13.jpg 20w\" sizes=\"(max-width: 275px) 100vw, 275px\" \/><\/a><\/div>\n<\/div>\n<div class=\"col-md-12 col-sm-12 no_padding\">\n<div class=\"home_content_div\">\n<p>Your <strong>Luxury honeymoon in Madagascar <\/strong>are embellished by numerous extras in our special offer. The use of the Jacuzzi and the use of steam baths are included in the cost as well as <strong>various massages <\/strong>with essential oils. In addition, we plan for you an extremely romantic and very intimate dinner by the pool, where you can sit back and just enjoy. The Vanila &amp; Spa Hotel awaits you with equal <strong>two first class restaurants with French chefs <\/strong>and spoils you with numerous exquisite and sometimes exotic dishes.<\/p>\n<\/div>\n<\/div>\n<\/div>\n<\/div>\n<div class=\"col-md-12 col-sm-12 bg_white border no_padding margin_bottom_content\">\n<div class=\"col-md-12 col-sm-12 home_content_div\">\n<h3>Organize your time in Madagascar according to your wishes<\/h3>\n<p>Unlike many of our other offerings for <strong>Travel to Madagascar<\/strong>, we do not present you with a fixed daily schedule and activities already integrated in this honeymoon. You yourself should decide how to spend your <strong>Honeymoon in Madagascar<\/strong> without any time pressure or sense of obligation. Basically you have <strong>numerous options<\/strong> on Nosy Be are available: A <strong>Mini cruise<\/strong> has proved just as popular with our guests as a <strong>Visit to the golf club, horseback riding, diving or snorkeling<\/strong>. We are happy to help you plan your activities in advance. Just contact us and we will tell you what is possible.<\/p>\n<\/div>\n<\/div>\n<div class=\"col-md-12 col-sm-12 bg_white border no_padding margin_bottom_content\">\n<div class=\"col-md-12 col-sm-12 home_content_div\">\n<h3>Facts and figures about the offer<\/h3>\n<p>As with all our trips, we would like to point out to you once again exactly what costs are involved in this <strong>5 days special offer<\/strong> will be coming your way. Our goal is to make travel planning as transparent as possible for you, also from a financial point of view. Therefore we list below not only <strong>the services included in the price<\/strong> but also all services that you have to pay extra on site. For questions about our offer or special requests for your <strong>Honeymoon to Madagascar<\/strong> you should simply contact us.<\/p>\n<table width=\"614\">\n<tbody>\n<tr>\n<td width=\"307\"><strong>5 days Vanila Hotel &amp; Spa ***<\/strong><\/td>\n<td width=\"307\"><strong>Price per person<\/strong><\/td>\n<\/tr>\n<tr>\n<td width=\"307\">Half board<\/td>\n<td width=\"307\">1080 \u20ac<\/td>\n<\/tr>\n<tr>\n<td width=\"307\">Full board<\/td>\n<td width=\"307\">1290 \u20ac<\/td>\n<\/tr>\n<\/tbody>\n<\/table>\n<p><strong>These services are included in the basic price:<\/strong><\/p>\n<ul class=\"post_ul\">\n<li>all nights at the Vanila Hotel &amp; Spa including the desired meals<\/li>\n<li>Airport transfers in Antananarivo and on Nosy Be<\/li>\n<\/ul>\n<p><strong>The services are not included in the basic price:<\/strong><\/p>\n<ul class=\"post_ul\">\n<li>Drinks and with half board also lunch<\/li>\n<li>personal expenses and tips<\/li>\n<li>international flights as well as domestic flights in Madagascar<\/li>\n<li>Tour guides or guides to be booked if necessary<\/li>\n<li>individually selected activities<\/li>\n<li>Taxes and airport fees<\/li>\n<li>possible insurances<\/li>\n<\/ul>\n<\/div>\n<\/div>","protected":false},"excerpt":{"rendered":"<p>Flitterwochen auf Madagaskar &#8211; 5 Tage Spezialangebot: 5 t\u00e4giges Spezialangebot f\u00fcr Nosy Be Sie m\u00f6chten in die gemeinsame Zeit als Ehepaar mit einer au\u00dfergew\u00f6hnlichen Hochzeitsreise nach Madagaskar starten? Wir pr\u00e4sentieren Ihnen ein einmaliges Angebot, bei dem Entspannung und Exotik, Komfort und Wellness sowie Luxus und Genuss gleicherma\u00dfen betont werden. Die Rede ist bei dieser Hochzeitsreise [&hellip;]<\/p>\n","protected":false},"author":3,"featured_media":8136,"parent":0,"menu_order":0,"comment_status":"open","ping_status":"closed","template":"","meta":{"footnotes":""},"categories":[453],"class_list":["post-1225","page","type-page","status-publish","has-post-thumbnail","hentry","category-hochzeitsreisen"],"_links":{"self":[{"href":"https:\/\/www.urlaub-auf-madagaskar.com\/en\/wp-json\/wp\/v2\/pages\/1225","targetHints":{"allow":["GET"]}}],"collection":[{"href":"https:\/\/www.urlaub-auf-madagaskar.com\/en\/wp-json\/wp\/v2\/pages"}],"about":[{"href":"https:\/\/www.urlaub-auf-madagaskar.com\/en\/wp-json\/wp\/v2\/types\/page"}],"author":[{"embeddable":true,"href":"https:\/\/www.urlaub-auf-madagaskar.com\/en\/wp-json\/wp\/v2\/users\/3"}],"replies":[{"embeddable":true,"href":"https:\/\/www.urlaub-auf-madagaskar.com\/en\/wp-json\/wp\/v2\/comments?post=1225"}],"version-history":[{"count":0,"href":"https:\/\/www.urlaub-auf-madagaskar.com\/en\/wp-json\/wp\/v2\/pages\/1225\/revisions"}],"wp:featuredmedia":[{"embeddable":true,"href":"https:\/\/www.urlaub-auf-madagaskar.com\/en\/wp-json\/wp\/v2\/media\/8136"}],"wp:attachment":[{"href":"https:\/\/www.urlaub-auf-madagaskar.com\/en\/wp-json\/wp\/v2\/media?parent=1225"}],"wp:term":[{"taxonomy":"category","embeddable":true,"href":"https:\/\/www.urlaub-auf-madagaskar.com\/en\/wp-json\/wp\/v2\/categories?post=1225"}],"curies":[{"name":"wp","href":"https:\/\/api.w.org\/{rel}","templated":true}]}}