{"id":1165,"date":"2015-07-29T11:56:41","date_gmt":"2015-07-29T09:56:41","guid":{"rendered":"https:\/\/urlaub-auf-madagaskar.alpha-beta.de\/?page_id=1165"},"modified":"2020-01-24T17:13:57","modified_gmt":"2020-01-24T16:13:57","slug":"manambolo-flussfahrt-und-tsingy","status":"publish","type":"page","link":"https:\/\/www.urlaub-auf-madagaskar.com\/en\/manambolo-river-ride-and-tsingy\/","title":{"rendered":"Manambolo river cruise and Tsingy"},"content":{"rendered":"<h1>A river trip on the Manambolo and much more<\/h1>\n<div class=\"bg_white\">\n<div class=\"col-md-12 col-sm-12 bg_white border no_padding margin_bottom_content\">\n<div class=\"col-md-12 col-sm-12 no_padding\">\n<div class=\"home_bg text-center side_bar_padding\"><a href=\"https:\/\/www.urlaub-auf-madagaskar.com\/wp-content\/uploads\/2015\/07\/madagascar_oeste_morondava.jpg\"><img decoding=\"async\" class=\"side_bar_img\" src=\"https:\/\/www.urlaub-auf-madagaskar.com\/wp-content\/uploads\/2015\/07\/madagascar_oeste_morondava-300x243.jpg\" alt=\"madagascar_oeste_morondava\" \/><\/a><\/div>\n<\/div>\n<div class=\"col-md-12 col-sm-12 no_padding\">\n<div class=\"home_content_div\">\n<h3>Experience extraordinary<\/h3>\n<p>In our regular touring program, in addition to classic tours undertaken by car, we have for some years now also included <strong>many canoe tours <\/strong>an. In most cases, these prove to be even more <strong>more natural and extraordinary<\/strong> and are especially popular with individualists among travelers to Madagascar.<\/p>\n<p>come, particularly popular. For this very reason, we have now also put together a tour that is even more clearly <strong>more than just a classic canoe tour<\/strong> is. Instead, we offer a total package in which <strong>Hikes, the river trip on the Manambolo as well as a trip to the Tsingy of Bemaraha and the Baobab Alley <\/strong>are on the program. For your <strong>Madagascar vacation<\/strong> you could not put together a more exciting travel package. Below we would like to show you what we have come up with for the proposed tour. We would like to arouse your interest and at the same time give you a <strong>Foretaste of the numerous incomparable impressions<\/strong> which you can find on this <strong>Journey through Madagascar<\/strong> will collect. If you would like to make a booking directly afterwards, just write to us. And if you need more information in advance, we are of course also at your disposal.<\/p>\n<\/div>\n<\/div>\n<\/div>\n<\/div>\n<div class=\"bg_white\">\n<div class=\"col-md-12 col-sm-12 bg_white border no_padding margin_bottom_content\">\n<div class=\"col-md-12 col-sm-12 no_padding\">\n<div class=\"home_bg text-center side_bar_padding\"><a href=\"https:\/\/www.urlaub-auf-madagaskar.com\/wp-content\/uploads\/2015\/07\/gilles.jpg\"><img decoding=\"async\" class=\"side_bar_img\" src=\"https:\/\/www.urlaub-auf-madagaskar.com\/wp-content\/uploads\/2015\/07\/gilles.jpg\" alt=\"gilles\" \/><\/a><\/div>\n<\/div>\n<div class=\"col-md-12 col-sm-12 no_padding\">\n<div class=\"home_content_div\">\n<h3>General information about the tour<\/h3>\n<p>On this tour, large parts of the route are covered on the water, but there are also hikes and excursions by car on the plan. In this way, we ensure that you will have a <strong>Maximum variety<\/strong> presented and that you <strong>Insights into regions of Madagascar <\/strong>get that far <strong>off the tourist mainstream<\/strong> lie. The tour <strong>starts in Antananarivo, takes you through Tsampoketsa, to the gorges of Manambolo to the Tsingy of Bemaraha and then to the famous avenue of Baobabs<\/strong>, the impressive Aggen bread trees. This tour we offer <strong>between April and November<\/strong> and also recommend it to all people with an average physical constitution. There are as with all our offers <strong>numerous combination and extension possibilities<\/strong>, depending on how much time you want to or can spend on the wonderful island of Madagascar. After the following, where we present the different way stations and daily schedules, you will receive from us a <strong>List of costs and services<\/strong> for this trip. This way you can keep track of exactly what's in store for you.<\/p>\n<\/div>\n<\/div>\n<\/div>\n<\/div>\n<div class=\"col-md-12 col-sm-12 bg_white border no_padding margin_bottom_content\">\n<div class=\"col-md-12 col-sm-12 home_content_div\">\n<h3>The concrete tour planning for the Manambolo river trip<\/h3>\n<p>As with all <strong>Tours through Madagascar<\/strong> it can happen that the weather takes a certain toll and does not play along as we humans would like. In this case, small changes in the program may be necessary, which can be made at a <strong>Journey through Madagascar<\/strong> but in some ways even belong to the standard. This is precisely why we plan all our tours so that, despite any unforeseen events that may occur, you can <strong>optimally equipped<\/strong> are.<\/p>\n<\/div>\n<\/div>\n<div class=\"col-md-12 col-sm-12 bg_white border no_padding margin_bottom_content\">\n<div class=\"col-md-12 col-sm-12 home_content_div\">\n<h3>Day 1: You reach Antananarivo<\/h3>\n<p>Provided that you travel to Madagascar with a European flight, you can expect an arrival in the capital after sunset. A transfer is already taken care of and for an extra charge of 40,00 Euro (for individuals 60,00 Euro) we additionally organize <strong>accommodation in the nearby hotel<\/strong> <em>Les Cygnes<\/em> for you. Afterwards you should have a good sleep to be well prepared for the upcoming first stage of the tour.<\/p>\n<\/div>\n<\/div>\n<div class=\"bg_white\">\n<div class=\"col-md-12 col-sm-12 bg_white border no_padding margin_bottom_content\">\n<div class=\"col-md-12 col-sm-12 no_padding\">\n<div class=\"home_bg text-center side_bar_padding\"><a href=\"https:\/\/www.urlaub-auf-madagaskar.com\/wp-content\/uploads\/2015\/07\/tsssiiii.jpg\"><img decoding=\"async\" class=\"side_bar_img\" src=\"https:\/\/www.urlaub-auf-madagaskar.com\/wp-content\/uploads\/2015\/07\/tsssiiii.jpg\" alt=\"tsssiiii\" \/><\/a><\/div>\n<\/div>\n<div class=\"col-md-12 col-sm-12 no_padding\">\n<div class=\"home_content_div\">\n<h3>Day 2: The journey begins with the trip to Tsiroamandidy<\/h3>\n<p>The second day of this trip is all about the <strong>Drive to the starting point of the tour<\/strong> and unfortunately offers only a few exciting experiences in itself. Early in the morning you start by car <strong>on the well-built RN 1 towards the west<\/strong>. Lunch is served either directly on the banks of the river, which spoils with tempting views, or in one of the local restaurants in <strong>Tsiroamandidy<\/strong>. From there it goes once again <strong>about 40 kilometers further west<\/strong>, where you are now moving over a rather humpy dirt road. The ride ends a few kilometers from the <strong>Beloboka village<\/strong> away, where the camp is already waiting for you. In this part of the country there are few people on the road and the <strong>unique atmosphere of this region<\/strong> will surely win you over immediately. Have a good rest from the exhausting and tedious drive here, because already tomorrow the adventure of this impressive tour will finally begin.<\/p>\n<\/div>\n<\/div>\n<\/div>\n<\/div>\n<div class=\"bg_white\">\n<div class=\"col-md-12 col-sm-12 bg_white border no_padding margin_bottom_content\">\n<div class=\"col-md-12 col-sm-12 no_padding\">\n<div class=\"home_bg text-center side_bar_padding\"><a href=\"https:\/\/www.urlaub-auf-madagaskar.com\/wp-content\/uploads\/2015\/07\/IMI_8115.jpg\"><img decoding=\"async\" class=\"side_bar_img\" src=\"https:\/\/www.urlaub-auf-madagaskar.com\/wp-content\/uploads\/2015\/07\/IMI_8115-300x200.jpg\" alt=\"IMI_8115\" \/><\/a><\/div>\n<\/div>\n<div class=\"col-md-12 col-sm-12 no_padding\">\n<div class=\"home_content_div\">\n<h3>Day 3: The leap into the unknown begins with a hike<\/h3>\n<p>On the third day of this tour, you will now begin an adventure that is most likely far from anything you have experienced in your life so far. First, your porters will arrive early in the morning. So that they can cope well with the luggage, there is a maximum <strong>Weight limit of 10 kilogram<\/strong>which you should absolutely adhere to. If this is not possible for you, you should be prepared for repacking, where part of your luggage may already be sent ahead.<\/p>\n<p><strong>The journey now begins first on foot<\/strong> with a hike that leads further and further west. The landscape in this part of Madagascar is hilly and characterized by a rather sparse grass growth. Original forests can usually only be found in the lowlands and in larger hill valleys. The rest of the landscape was devastated by man decades ago. Be sure to view <strong>the amazing erosion scars<\/strong>, which have eaten into the various hills in the area and also let you <strong>Hospitality of the people living here <\/strong>inspire. Although there are not many Madagascans who still make it in this rather unpromising area, those who live here in the villages you will meet <strong>friendly and with great interest<\/strong>. You will camp for the night very close to the river, under the red hills, where you will also have a good dinner.<\/p>\n<\/div>\n<\/div>\n<\/div>\n<\/div>\n<div class=\"col-md-12 col-sm-12 bg_white border no_padding margin_bottom_content\">\n<div class=\"col-md-12 col-sm-12 home_content_div\">\n<h3>Day 4: Going to the gorges of Manambolo<\/h3>\n<p>On the fourth day of the trip, or the second day of the hike, a completely different scenic image will reveal itself to you: you will march <strong>to the edge of the highlands<\/strong> and then proceed about 500 meters in altitude <strong>down to the coastal lowlands<\/strong>. People with knee problems, should take special care on this stage of the route. Timely information is useful in this regard Marvel here <strong>a breathtaking panorama<\/strong>: In the distance you can already see the <strong>Tsingy from Bemaraha<\/strong> gleam and a little closer to the surface present themselves <strong>the gorges of the Manambolo<\/strong>. You will set up camp this time halfway down into the lowlands. From here you have an excellent view of the <strong>Sunset over the Tsingy<\/strong>.<\/p>\n<\/div>\n<\/div>\n<div class=\"bg_white\">\n<div class=\"col-md-12 col-sm-12 bg_white border no_padding margin_bottom_content\">\n<div class=\"col-md-12 col-sm-12 no_padding\">\n<div class=\"home_bg text-center side_bar_padding\"><a href=\"https:\/\/www.urlaub-auf-madagaskar.com\/wp-content\/uploads\/2015\/07\/844174.jpg\"><img decoding=\"async\" class=\"side_bar_img\" src=\"https:\/\/www.urlaub-auf-madagaskar.com\/wp-content\/uploads\/2015\/07\/844174-300x200.jpg\" alt=\"844174\" \/><\/a><\/div>\n<\/div>\n<div class=\"col-md-12 col-sm-12 no_padding\">\n<div class=\"home_content_div\">\n<h3>Day 5: The Manambolo River Cruise Begins<\/h3>\n<p>After breakfast, your journey will take you directly down to the river in just under three hours. There, a fortifying lunch awaits you, while the team is already working on the logistical and organizational tasks for the <strong>Start of the boat tour<\/strong> takes over. Due to the sometimes not so easy conditions, traditional dugout canoes are not on the plan for this tour and you will exclusively <strong>underway with modern boats<\/strong> be. The first stage on the Manambolo River has it then also immediately in itself: Although they do not have to work with the paddles for the entire time, but still some minor challenges await you. Especially during the period from August to November the river carries relatively little water. This can make it necessary from time to time to get out of the boats and push them into deeper water. Special highlight: Even before you begin your trip, a <strong>traditional madagascan ceremony<\/strong> carried out, which is also known as <em>fomba<\/em> is called. Here you secure <strong>the benevolence of the ancestors<\/strong>, so that the upcoming river trip is under a good star. After just a short drive, you will notice that the landscape around you is changing significantly. The hills are now getting higher and higher and at the same time have a richer and richer color. People, on the other hand, are now less and less common. Also the end of the plain suddenly becomes visible - a massif moves closer and closer to the shore and exactly this massif will be our next stop. On today's day there are additionally <strong>a few exploration trips into the local landscape<\/strong> on the plan. Meet lemurs, wild boars, crocodiles, chameleons and various other animals and go in search of impressive plants that make it <strong>only to be marveled at on Madagascar<\/strong> there. Today we will spend the night in a camp near the river.<\/p>\n<\/div>\n<\/div>\n<\/div>\n<\/div>\n<div class=\"col-md-12 col-sm-12 bg_white border no_padding margin_bottom_content\">\n<div class=\"col-md-12 col-sm-12 home_content_div\">\n<h3>Day 6: The ride on the Manambolo continues<\/h3>\n<p>Also the sixth day of the <strong>Journey through Madagascar<\/strong> belongs entirely to the Manambolo River. This now carries more water, which at the same time leads to a smoother ride. You move now <strong>between dense forest fringes<\/strong> of pristine dry forest, with small rocks and mounds of red or orange rock appearing in the river every now and then, trying to block your way. The river cuts through the mountain massif at this point and at the same time gives a <strong>breathtaking view of the Vazimba cave tombs<\/strong> free. These were considered the first people to settle Madagascar, and for centuries used this area to bury their dead. If you wish during the tour you can <strong>visit some of these graves<\/strong>respect for customs and traditions goes without saying. At this point, of course, your guide will enlighten you comprehensively, providing you not only with historical and cultural facts, but at the same time informing you about the peculiarities as well as rules of conduct. The overnight stay will also take place today <strong>on the banks of the Manambolo<\/strong>, where the crew will once again set up camp and serve you a fortifying meal.<\/p>\n<\/div>\n<\/div>\n<div class=\"col-md-12 col-sm-12 bg_white border no_padding margin_bottom_content\">\n<div class=\"col-md-12 col-sm-12 home_content_div\">\n<h3>Day 7: The Manambolo keeps you on course<\/h3>\n<p>The seventh day does not hold any extraordinary adventures in store for you, but it is the ideal time to take a look at <strong>to catch your breath<\/strong> and <strong>enjoy the beautiful landscape<\/strong>, which passes to the right and left of the boat on the banks of the river. This has much to offer and is already very different from what you encountered yesterday. Enjoy <strong>the<\/strong> <strong>Peace, the idyll and the closeness to nature<\/strong> and relax in the evening at the camp, which will be set up once again on the banks of the Manambolo.<\/p>\n<\/div>\n<\/div>\n<div class=\"bg_white\">\n<div class=\"col-md-12 col-sm-12 bg_white border no_padding margin_bottom_content\">\n<div class=\"col-md-12 col-sm-12 no_padding\">\n<div class=\"home_bg text-center side_bar_padding\"><a href=\"https:\/\/www.urlaub-auf-madagaskar.com\/wp-content\/uploads\/2015\/07\/tssiiis.jpg\"><img decoding=\"async\" class=\"side_bar_img\" src=\"https:\/\/www.urlaub-auf-madagaskar.com\/wp-content\/uploads\/2015\/07\/tssiiis.jpg\" alt=\"tssiiis\" \/><\/a><\/div>\n<\/div>\n<div class=\"col-md-12 col-sm-12 no_padding\">\n<div class=\"home_content_div\">\n<h3>Day 8: The river leads back to civilization<\/h3>\n<p>While the last few days were characterized by an almost unbelievable tranquility and plenty of distance from civilization, the environment around the Manambolo now transforms once again. You get <strong>more and more people<\/strong> to face and after a few relaxing hours of driving is <strong>Bekopaka in sight<\/strong>. Here you will leave your boats and go back to a civilized and human environment. <strong>Cold drinks and rich food<\/strong> await you. The exact time when you will reach Bekopaka can usually not be predicted exactly, as this depends on the current water level. Up to the middle of the year, good progress is usually assured, but in the second half of the year, the boats often have to be pushed over water points that are too shallow. Arriving in Bekopaka, you will not only enjoy the <strong>Human civilization comfort<\/strong> and maybe let a cold beer spoil your throat and a real bed your limbs - depending on the time of arrival you may also have the opportunity to still have a look at the so-called <strong>small Tsingy <\/strong>that stretch up into the sky in the area around Bekopaka. These are more or less pointed needles of rock that grow upward from the earth into the air. <strong>The little Tsingy from Bekoapaka<\/strong> can be seen as a kind of foretaste of what you can expect tomorrow.<\/p>\n<\/div>\n<\/div>\n<\/div>\n<\/div>\n<div class=\"bg_white\">\n<div class=\"col-md-12 col-sm-12 bg_white border no_padding margin_bottom_content\">\n<div class=\"col-md-12 col-sm-12 no_padding\">\n<div class=\"home_bg text-center side_bar_padding\"><a href=\"https:\/\/www.urlaub-auf-madagaskar.com\/wp-content\/uploads\/2015\/07\/tsingy-malagasy.jpg\"><img decoding=\"async\" class=\"side_bar_img\" src=\"https:\/\/www.urlaub-auf-madagaskar.com\/wp-content\/uploads\/2015\/07\/tsingy-malagasy-300x224.jpg\" alt=\"tsingy-malagasy\" \/><\/a><\/div>\n<\/div>\n<div class=\"col-md-12 col-sm-12 no_padding\">\n<div class=\"home_content_div\">\n<h3>Day 9: The Tsingy of Bemaraha await you<\/h3>\n<p>On the ninth day, you will be accompanied by the \"<strong>stone forest<\/strong>\"You will get to see something truly extraordinary. First, you can expect a relatively short, but all the more bumpy ride by four-wheel drive car, which will take you from Bekopaka directly to the <strong>Tsingy de Bemaraha National Park<\/strong> brings. This national park is really something unique and so it is also since the year 1990 as a <strong>UNESCO World Heritage Site<\/strong> guided and protected in a special way. The karst landscape of this park delights with <strong>striking limestone formations<\/strong>, which the Malagasy <strong>Tsingy<\/strong> are called. These limestone formations rise <strong>like sharp needles from the ground<\/strong> emerge and grow from there into the air. Visually, this is reminiscent of a forest of stone, which thrives powerful, imposing and exceedingly versatile. Contrary to popular belief, the <strong>Tsingy de Bemaraha National Park<\/strong> by no means without exception from stone trees. On the contrary, <strong>numerous mangroves, lakes and plants<\/strong> extend in the deeper areas of the park. Here so far <strong>650 different plant species<\/strong> cataloged, of which more than 85 percent are endemic. Also the <strong>animal diversity <\/strong>can be seen in this national park. With a little luck you will come across red macaws, gray mouse macaws, a Madagascar sea eagle, numerous amphibians and more than 60 different species of reptiles. Of course it is worthwhile in this national park <strong>a guided tour<\/strong> to undertake. This will turn the already unique experience into a true adventure, as the guide will lead you through canyons via narrow paths and suspension bridges and will be able to show you the numerous inhabitants of this park in their favorite places. In the evening you will return to Bekopaka, where you will stay at your hotel <strong>dreaming about the experiences of today<\/strong> can.<\/p>\n<\/div>\n<\/div>\n<\/div>\n<\/div>\n<div class=\"col-md-12 col-sm-12 bg_white border no_padding margin_bottom_content\">\n<div class=\"col-md-12 col-sm-12 home_content_div\">\n<h3>Day 10: From Bekopaka we now go to Morondava<\/h3>\n<p>On the tenth day of the trip you will say goodbye to Bekopaka and travel by car <strong>on to Morondava<\/strong>. The road is relatively busy in this area, nevertheless, you should arrive around noon in <strong>Belo-sur-Tsiribihina<\/strong> arrive. Tsiribihina is a busy river and you need to secure the place on the ferry in time. Lunch will therefore be served in <em>Ibrahim's<\/em> Restaurant taken, where there is not only delicious food, but also the way to the ferry is relatively short. After a short ferry ride, the baobabs await you. The <strong>gigantic baobab trees<\/strong>which fascinate in such a special way because of their bizarre growth forms, line up next to each other here as if in an avenue. There are trees that are intertwined like lovers, and others that resemble seniors on a park bench. In any case, these trees offer <strong>numerous beautiful photo motifs<\/strong> and especially the sunset immerses the scenery in <strong>a breathtaking atmosphere<\/strong>.<\/p>\n<\/div>\n<\/div>\n<div class=\"col-md-12 col-sm-12 bg_white border no_padding margin_bottom_content\">\n<div class=\"col-md-12 col-sm-12 home_content_div\">\n<h3>Day 11: The tour ends in Morondava<\/h3>\n<p><strong>Morondava<\/strong> is a place that holds many secrets: In a way, it seems to be on the <strong>Crossroads between civilization and absolute isolation<\/strong> to lie. The original combines here with the modern and we strongly recommend you to absorb this extraordinary atmosphere at least for one more day. You are also welcome to enjoy the <strong>Beaches of the place<\/strong>, which invite you to relax and unwind. However, our guided and planned tour ends at this point, unless you have booked a subsequent tour directly. If you start from Morondava <strong>back to Antananarivo<\/strong> want to fly, we will be happy to organize the flight for you, but this is not included in the price. Otherwise ends <strong>the adventure Madagascar<\/strong> for you at this point.<\/p>\n<\/div>\n<\/div>\n<div class=\"col-md-12 col-sm-12 bg_white border no_padding margin_bottom_content\">\n<div class=\"col-md-12 col-sm-12 home_content_div\">\n<h3>\u00a0Facts and figures about the tour<\/h3>\n<p>Our goal is to provide you with a <strong>exceptional and incomparable vacation in Madagascar<\/strong> to give it to you. To this end, we put our backs into it and pull out all the stops. Flexibility is an absolute must at this point, which is why we are always <strong>additionally inspired by your wishes and ideas <\/strong>let. Accordingly, the following list includes the <strong>Cost for the standard version of this tour<\/strong>. We show you clearly, <strong>what services are included in the price <\/strong>and what costs you will have to pay. If you have any special requests or prefer a variation of the tour, please contact us directly, because we are happy to get even more involved so that your <strong>Trip to Madagascar<\/strong> becomes simply wonderful.<\/p>\n<table>\n<tbody>\n<tr>\n<td width=\"307\">Manambolo and Tsingy - 11 days<\/td>\n<td width=\"307\">Price per person<\/td>\n<\/tr>\n<tr>\n<td width=\"307\">2 to 3 guests<\/td>\n<td width=\"307\">1800 \u20ac<\/td>\n<\/tr>\n<tr>\n<td width=\"307\">4 to 5 guests<\/td>\n<td width=\"307\">1750 \u20ac<\/td>\n<\/tr>\n<tr>\n<td width=\"307\">6 - 7 guests<\/td>\n<td width=\"307\">1600 \u20ac<\/td>\n<\/tr>\n<tr>\n<td width=\"307\">8 - 9 guests<\/td>\n<td width=\"307\">1560 \u20ac<\/td>\n<\/tr>\n<tr>\n<td width=\"307\">10 guests and more<\/td>\n<td width=\"307\">1390 \u20ac<\/td>\n<\/tr>\n<\/tbody>\n<\/table>\n<p>For single rooms we have to charge a surcharge of 320,00 Euro.<\/p>\n<p><strong>Services included in the price:<\/strong><\/p>\n<ul class=\"post_ul\">\n<li>all meals, excluding lunch on day 9 in Morondava<\/li>\n<li>all road transfers from Antananarivo to Bekobaka and from Bekopaka to Morondava<\/li>\n<li>Boat equipment and camping equipment<\/li>\n<li>Park admissions<\/li>\n<li>Boatmen and guide and logistics<\/li>\n<li>Drinking water throughout the tour<\/li>\n<li>all nights<\/li>\n<\/ul>\n<\/div>\n<\/div>","protected":false},"excerpt":{"rendered":"<p>Eine Flussfahrt auf dem Manambolo und vieles mehr Erleben Sie Au\u00dfergew\u00f6hnliches In unserem regelm\u00e4\u00dfigen Tourenprogramm haben wir neben klassischen Touren, die mit dem Auto unternommen werden, seit einigen Jahren auch viele Kanu-Touren an. Diese erweisen sich in den meisten F\u00e4llen als noch naturnaher und au\u00dfergew\u00f6hnlicher und sind vor allem bei den Individualisten unter den Reisenden, [&hellip;]<\/p>\n","protected":false},"author":3,"featured_media":3373,"parent":0,"menu_order":0,"comment_status":"closed","ping_status":"closed","template":"","meta":{"footnotes":""},"categories":[445],"class_list":["post-1165","page","type-page","status-publish","has-post-thumbnail","hentry","category-kanoe-tour"],"_links":{"self":[{"href":"https:\/\/www.urlaub-auf-madagaskar.com\/en\/wp-json\/wp\/v2\/pages\/1165","targetHints":{"allow":["GET"]}}],"collection":[{"href":"https:\/\/www.urlaub-auf-madagaskar.com\/en\/wp-json\/wp\/v2\/pages"}],"about":[{"href":"https:\/\/www.urlaub-auf-madagaskar.com\/en\/wp-json\/wp\/v2\/types\/page"}],"author":[{"embeddable":true,"href":"https:\/\/www.urlaub-auf-madagaskar.com\/en\/wp-json\/wp\/v2\/users\/3"}],"replies":[{"embeddable":true,"href":"https:\/\/www.urlaub-auf-madagaskar.com\/en\/wp-json\/wp\/v2\/comments?post=1165"}],"version-history":[{"count":0,"href":"https:\/\/www.urlaub-auf-madagaskar.com\/en\/wp-json\/wp\/v2\/pages\/1165\/revisions"}],"wp:featuredmedia":[{"embeddable":true,"href":"https:\/\/www.urlaub-auf-madagaskar.com\/en\/wp-json\/wp\/v2\/media\/3373"}],"wp:attachment":[{"href":"https:\/\/www.urlaub-auf-madagaskar.com\/en\/wp-json\/wp\/v2\/media?parent=1165"}],"wp:term":[{"taxonomy":"category","embeddable":true,"href":"https:\/\/www.urlaub-auf-madagaskar.com\/en\/wp-json\/wp\/v2\/categories?post=1165"}],"curies":[{"name":"wp","href":"https:\/\/api.w.org\/{rel}","templated":true}]}}