{"id":115,"date":"2015-07-01T14:48:42","date_gmt":"2015-07-01T12:48:42","guid":{"rendered":"https:\/\/urlaub-auf-madagaskar.alpha-beta.de\/?page_id=115"},"modified":"2026-01-05T08:32:09","modified_gmt":"2026-01-05T07:32:09","slug":"impressum","status":"publish","type":"page","link":"https:\/\/www.urlaub-auf-madagaskar.com\/en\/imprint\/","title":{"rendered":"Imprint"},"content":{"rendered":"<h1>Imprint<\/h1>\n<p>Disclosures in accordance with the applicable legal requirements.<\/p>\n<hr \/>\n<h2>Website operator<\/h2>\n<p><strong>MADAGASCAR TRIPS AND PICS SARL<\/strong><br \/>\nLegal form: Soci\u00e9t\u00e9 \u00e0 Responsabilit\u00e9 Limit\u00e9e (SARL)<br \/>\nLOT 0714 J 380 MAHAZINA ANTSIRABE<br \/>\nAntsirabe<br \/>\nRepublic of Madagascar<\/p>\n<p><strong>Authorized representative:<\/strong><br \/>\nKlaus Konnerth<\/p>\n<p><strong>Contact:<\/strong><br \/>\nPhone: <a href=\"tel:+261331204892\">+261\u00a0331\u00a0204\u00a0892<\/a><br \/>\nEmail: <a href=\"mailto:info@madagascar-trips-and-pics.com\">info@madagascar-trips-and-pics.com<\/a><\/p>\n<p>Registered office of the company outside the European Union.<\/p>\n<hr \/>\n<h2>Company &amp; registration details<\/h2>\n<p>Commercial register (RCS\/CIN): 2017B00045<br \/>\nTax identification number (NIF): 3002804320<br \/>\nStatistical number (INSTAT): 49295 12 2017 0 01785<br \/>\nRegistered for tax purposes with: Center Fiscal Antsirabe B<br \/>\nActivity: Licensed tour operator \/ tour operator<\/p>\n<hr \/>\n<h2>Services &amp; delimitation of liability<\/h2>\n<p>The travel services offered on this website are provided by the aforementioned<br \/>\nTour operator in the Republic of Madagascar. Planning, organization and<br \/>\nImplementation takes place on site.<\/p>\n<p>It is expressly pointed out that the company is not subject to the<br \/>\nEuropean package travel law.<\/p>\n<hr \/>\n<h2>Photographs &amp; image rights<\/h2>\n<p>Unless otherwise indicated, all photographs and illustrations are from<br \/>\nImages on this website from the website operator's own stock<br \/>\nor from contractually integrated partners.<\/p>\n<p>Any use, reproduction or distribution of the images is not permitted without<br \/>\nnot permitted without express written permission.<\/p>\n<hr \/>\n<h2>Terms of use<\/h2>\n<p>The use of this website is at your own risk. A claim to<br \/>\nAvailability, accuracy or completeness of the content is not guaranteed.<br \/>\nContents are subject to change at any time without prior notice.<\/p>\n<hr \/>\n<h2>Liability for content<\/h2>\n<p>Despite careful control of the content, we assume no liability for the<br \/>\naccuracy, completeness and timeliness of the content provided, insofar as<br \/>\npermitted by law.<\/p>\n<h2>Liability for external links<\/h2>\n<p>This website contains links to external third-party websites. For their contents<br \/>\nwe assume no liability. The respective provider is always responsible<br \/>\nof the linked pages.<\/p>\n<hr \/>\n<h2>Copyright<\/h2>\n<p>The content, texts, photographs and works created by the website operator<br \/>\nare subject to copyright. Any use outside the limits of the<br \/>\nCopyright law requires prior written consent.<\/p>\n<hr \/>\n<h2>Applicable law<\/h2>\n<p>The law of the Republic of Madagascar shall apply, unless mandatory<br \/>\nconsumer protection regulations.<\/p>\n<hr \/>\n<h2>Privacy<\/h2>\n<p>Information on the processing of personal data can be found in our<br \/>\n<a href=\"\/en\/datenschutz\/\">Privacy policy<\/a>.<\/p>\n<p style=\"font-size: 0.9em; color: #666;\">Status: 06.01.2026<\/p>\n<p><b>Administration, SEO and maintenance of the website<\/b><br \/>\nSRK-Consulting \/ Stefan Kempf<br \/>\nEmail: <a href=\"mailto:info@srk-consulting.de\">info@srk-consulting.de<\/a><br \/>\nURL:\u00a0<a href=\"https:\/\/srk-consulting.de\/\">https:\/\/srk-consulting.de<\/a><\/p>\n<div class=\"clear\"><\/div>","protected":false},"excerpt":{"rendered":"<p>Impressum Angaben gem\u00e4\u00df den geltenden gesetzlichen Vorschriften. Website-Betreiber MADAGASCAR TRIPS AND PICS SARL Rechtsform: Soci\u00e9t\u00e9 \u00e0 Responsabilit\u00e9 Limit\u00e9e (SARL) LOT 0714 J 380 MAHAZINA ANTSIRABE Antsirabe Republik Madagaskar Vertretungsberechtigter: Klaus Konnerth Kontakt: Telefon: +261\u00a0331\u00a0204\u00a0892 E-Mail: info@madagascar-trips-and-pics.com Sitz des Unternehmens au\u00dferhalb der Europ\u00e4ischen Union. Unternehmens- &amp; Registrierungsangaben Handelsregister (RCS\/CIN): 2017B00045 Steuer-Identifikationsnummer (NIF): 3002804320 Statistiknummer (INSTAT): 49295 [&hellip;]<\/p>\n","protected":false},"author":3,"featured_media":10198,"parent":0,"menu_order":0,"comment_status":"closed","ping_status":"closed","template":"","meta":{"footnotes":""},"categories":[],"class_list":["post-115","page","type-page","status-publish","has-post-thumbnail","hentry"],"_links":{"self":[{"href":"https:\/\/www.urlaub-auf-madagaskar.com\/en\/wp-json\/wp\/v2\/pages\/115","targetHints":{"allow":["GET"]}}],"collection":[{"href":"https:\/\/www.urlaub-auf-madagaskar.com\/en\/wp-json\/wp\/v2\/pages"}],"about":[{"href":"https:\/\/www.urlaub-auf-madagaskar.com\/en\/wp-json\/wp\/v2\/types\/page"}],"author":[{"embeddable":true,"href":"https:\/\/www.urlaub-auf-madagaskar.com\/en\/wp-json\/wp\/v2\/users\/3"}],"replies":[{"embeddable":true,"href":"https:\/\/www.urlaub-auf-madagaskar.com\/en\/wp-json\/wp\/v2\/comments?post=115"}],"version-history":[{"count":3,"href":"https:\/\/www.urlaub-auf-madagaskar.com\/en\/wp-json\/wp\/v2\/pages\/115\/revisions"}],"predecessor-version":[{"id":17443,"href":"https:\/\/www.urlaub-auf-madagaskar.com\/en\/wp-json\/wp\/v2\/pages\/115\/revisions\/17443"}],"wp:featuredmedia":[{"embeddable":true,"href":"https:\/\/www.urlaub-auf-madagaskar.com\/en\/wp-json\/wp\/v2\/media\/10198"}],"wp:attachment":[{"href":"https:\/\/www.urlaub-auf-madagaskar.com\/en\/wp-json\/wp\/v2\/media?parent=115"}],"wp:term":[{"taxonomy":"category","embeddable":true,"href":"https:\/\/www.urlaub-auf-madagaskar.com\/en\/wp-json\/wp\/v2\/categories?post=115"}],"curies":[{"name":"wp","href":"https:\/\/api.w.org\/{rel}","templated":true}]}}